{"id":560,"date":"2024-10-30T02:15:03","date_gmt":"2024-10-30T02:15:03","guid":{"rendered":"https:\/\/SimbolicaFC.com\/?product=arsenal-local-2002-04-henry-14-mc"},"modified":"2024-11-04T22:46:27","modified_gmt":"2024-11-04T22:46:27","slug":"arsenal-local-2002-04-henry-14-mc","status":"publish","type":"product","link":"https:\/\/SimbolicaFC.com\/?product=arsenal-local-2002-04-henry-14-mc","title":{"rendered":"ARSENAL LOCAL 2002 &#8211; 2004 HENRY #14"},"content":{"rendered":"<p>La camiseta local del Arsenal 2002-2004 es legendaria, en rojo cl\u00e1sico con mangas blancas, y se destaca a\u00fan m\u00e1s con el n\u00famero 14 de Thierry Henry. Fabricada por Nike y con el patrocinio de O2, es una pieza memorable.<\/p>\n","protected":false},"excerpt":{"rendered":"<p>La camiseta local del Arsenal 2002-2004 es legendaria, en rojo cl\u00e1sico con mangas blancas, y se destaca a\u00fan m\u00e1s con el n\u00famero 14 de Thierry Henry. Fabricada por Nike y con el patrocinio de O2, es una pieza memorable.<\/p>\n","protected":false},"featured_media":605,"comment_status":"open","ping_status":"closed","template":"","meta":[],"product_cat":[53,31,42,18,20],"product_tag":[],"class_list":{"0":"post-560","1":"product","2":"type-product","3":"status-publish","4":"has-post-thumbnail","6":"product_cat-arsenal","7":"product_cat-clubes-de-europa","8":"product_cat-henry","9":"product_cat-jerseys","10":"product_cat-jugadores","12":"first","13":"instock","14":"sale","15":"purchasable","16":"product-type-variable"},"_links":{"self":[{"href":"https:\/\/SimbolicaFC.com\/index.php?rest_route=\/wp\/v2\/product\/560","targetHints":{"allow":["GET"]}}],"collection":[{"href":"https:\/\/SimbolicaFC.com\/index.php?rest_route=\/wp\/v2\/product"}],"about":[{"href":"https:\/\/SimbolicaFC.com\/index.php?rest_route=\/wp\/v2\/types\/product"}],"replies":[{"embeddable":true,"href":"https:\/\/SimbolicaFC.com\/index.php?rest_route=%2Fwp%2Fv2%2Fcomments&post=560"}],"wp:featuredmedia":[{"embeddable":true,"href":"https:\/\/SimbolicaFC.com\/index.php?rest_route=\/wp\/v2\/media\/605"}],"wp:attachment":[{"href":"https:\/\/SimbolicaFC.com\/index.php?rest_route=%2Fwp%2Fv2%2Fmedia&parent=560"}],"wp:term":[{"taxonomy":"product_cat","embeddable":true,"href":"https:\/\/SimbolicaFC.com\/index.php?rest_route=%2Fwp%2Fv2%2Fproduct_cat&post=560"},{"taxonomy":"product_tag","embeddable":true,"href":"https:\/\/SimbolicaFC.com\/index.php?rest_route=%2Fwp%2Fv2%2Fproduct_tag&post=560"}],"curies":[{"name":"wp","href":"https:\/\/api.w.org\/{rel}","templated":true}]}}