{"id":557,"date":"2024-10-30T02:15:02","date_gmt":"2024-10-30T02:15:02","guid":{"rendered":"https:\/\/SimbolicaFC.com\/?product=man-u-local-1992-94-cantona-07-mc"},"modified":"2024-11-04T22:27:10","modified_gmt":"2024-11-04T22:27:10","slug":"man-u-local-1992-94-cantona-07-mc","status":"publish","type":"product","link":"https:\/\/SimbolicaFC.com\/?product=man-u-local-1992-94-cantona-07-mc","title":{"rendered":"MANCHESTER UNITED LOCAL 1992 &#8211; 1994 CANTONA #7"},"content":{"rendered":"<p>La camiseta local del Manchester United 1992-1994 es un cl\u00e1sico inolvidable en rojo, con detalles en blanco y negro en el cuello y un dise\u00f1o con gr\u00e1ficos geom\u00e9tricos. Fabricada por Umbro y patrocinada por Sharp, representa una era hist\u00f3rica del club.<\/p>\n","protected":false},"excerpt":{"rendered":"<p>La camiseta local del Manchester United 1992-1994 es un cl\u00e1sico inolvidable en rojo, con detalles en blanco y negro en el cuello y un dise\u00f1o con gr\u00e1ficos geom\u00e9tricos. Fabricada por Umbro y patrocinada por Sharp, representa una era hist\u00f3rica del club.<\/p>\n","protected":false},"featured_media":599,"comment_status":"open","ping_status":"closed","template":"","meta":[],"product_cat":[38,31,18,20,60],"product_tag":[],"class_list":{"0":"post-557","1":"product","2":"type-product","3":"status-publish","4":"has-post-thumbnail","6":"product_cat-cantona","7":"product_cat-clubes-de-europa","8":"product_cat-jerseys","9":"product_cat-jugadores","10":"product_cat-manchester-united","12":"first","13":"instock","14":"purchasable","15":"product-type-variable"},"_links":{"self":[{"href":"https:\/\/SimbolicaFC.com\/index.php?rest_route=\/wp\/v2\/product\/557","targetHints":{"allow":["GET"]}}],"collection":[{"href":"https:\/\/SimbolicaFC.com\/index.php?rest_route=\/wp\/v2\/product"}],"about":[{"href":"https:\/\/SimbolicaFC.com\/index.php?rest_route=\/wp\/v2\/types\/product"}],"replies":[{"embeddable":true,"href":"https:\/\/SimbolicaFC.com\/index.php?rest_route=%2Fwp%2Fv2%2Fcomments&post=557"}],"wp:featuredmedia":[{"embeddable":true,"href":"https:\/\/SimbolicaFC.com\/index.php?rest_route=\/wp\/v2\/media\/599"}],"wp:attachment":[{"href":"https:\/\/SimbolicaFC.com\/index.php?rest_route=%2Fwp%2Fv2%2Fmedia&parent=557"}],"wp:term":[{"taxonomy":"product_cat","embeddable":true,"href":"https:\/\/SimbolicaFC.com\/index.php?rest_route=%2Fwp%2Fv2%2Fproduct_cat&post=557"},{"taxonomy":"product_tag","embeddable":true,"href":"https:\/\/SimbolicaFC.com\/index.php?rest_route=%2Fwp%2Fv2%2Fproduct_tag&post=557"}],"curies":[{"name":"wp","href":"https:\/\/api.w.org\/{rel}","templated":true}]}}