{"id":555,"date":"2024-10-30T02:15:02","date_gmt":"2024-10-30T02:15:02","guid":{"rendered":"https:\/\/SimbolicaFC.com\/?product=ac-milan-visitante-2006-07-kaka-22-mc"},"modified":"2024-11-04T22:59:35","modified_gmt":"2024-11-04T22:59:35","slug":"ac-milan-visitante-2006-07-kaka-22-mc","status":"publish","type":"product","link":"https:\/\/SimbolicaFC.com\/?product=ac-milan-visitante-2006-07-kaka-22-mc","title":{"rendered":"AC MILAN VISITANTE 2006 &#8211; 2007 KAKA\u00b4 #22"},"content":{"rendered":"<p>La camiseta visitante del AC Milan 2006-2007 es una pieza elegante en blanco, con detalles en rojo y negro en los hombros y el cuello. Fabricada por Adidas y patrocinada por Opel, esta camiseta representa la temporada en la que el Milan conquist\u00f3 la UEFA Champions League, convirti\u00e9ndola en un \u00edcono para los fan\u00e1ticos.<\/p>\n","protected":false},"excerpt":{"rendered":"<p>La camiseta visitante del AC Milan 2006-2007 es una pieza elegante en blanco, con detalles en rojo y negro en los hombros y el cuello. Fabricada por Adidas y patrocinada por Opel, esta camiseta representa la temporada en la que el Milan conquist\u00f3 la UEFA Champions League, convirti\u00e9ndola en un \u00edcono para los fan\u00e1ticos.<\/p>\n","protected":false},"featured_media":587,"comment_status":"open","ping_status":"closed","template":"","meta":[],"product_cat":[52,31,18,20,44],"product_tag":[],"class_list":{"0":"post-555","1":"product","2":"type-product","3":"status-publish","4":"has-post-thumbnail","6":"product_cat-ac-milan","7":"product_cat-clubes-de-europa","8":"product_cat-jerseys","9":"product_cat-jugadores","10":"product_cat-kaka","12":"first","13":"instock","14":"taxable","15":"shipping-taxable","16":"purchasable","17":"product-type-variable"},"_links":{"self":[{"href":"https:\/\/SimbolicaFC.com\/index.php?rest_route=\/wp\/v2\/product\/555","targetHints":{"allow":["GET"]}}],"collection":[{"href":"https:\/\/SimbolicaFC.com\/index.php?rest_route=\/wp\/v2\/product"}],"about":[{"href":"https:\/\/SimbolicaFC.com\/index.php?rest_route=\/wp\/v2\/types\/product"}],"replies":[{"embeddable":true,"href":"https:\/\/SimbolicaFC.com\/index.php?rest_route=%2Fwp%2Fv2%2Fcomments&post=555"}],"wp:featuredmedia":[{"embeddable":true,"href":"https:\/\/SimbolicaFC.com\/index.php?rest_route=\/wp\/v2\/media\/587"}],"wp:attachment":[{"href":"https:\/\/SimbolicaFC.com\/index.php?rest_route=%2Fwp%2Fv2%2Fmedia&parent=555"}],"wp:term":[{"taxonomy":"product_cat","embeddable":true,"href":"https:\/\/SimbolicaFC.com\/index.php?rest_route=%2Fwp%2Fv2%2Fproduct_cat&post=555"},{"taxonomy":"product_tag","embeddable":true,"href":"https:\/\/SimbolicaFC.com\/index.php?rest_route=%2Fwp%2Fv2%2Fproduct_tag&post=555"}],"curies":[{"name":"wp","href":"https:\/\/api.w.org\/{rel}","templated":true}]}}