{"id":553,"date":"2024-10-30T02:15:01","date_gmt":"2024-10-30T02:15:01","guid":{"rendered":"https:\/\/SimbolicaFC.com\/?product=inglaterra-local-1996-mc"},"modified":"2024-11-04T23:12:49","modified_gmt":"2024-11-04T23:12:49","slug":"inglaterra-local-1996-mc","status":"publish","type":"product","link":"https:\/\/SimbolicaFC.com\/?product=inglaterra-local-1996-mc","title":{"rendered":"INGLATERRA LOCAL 1996"},"content":{"rendered":"<p>La camiseta local de Inglaterra de 1996 es un cl\u00e1sico en blanco con detalles en azul marino y un elegante cuello de estilo polo. Fabricada por Umbro, presenta el escudo en el centro del pecho y el n\u00famero en la parte delantera, un dise\u00f1o ic\u00f3nico que marc\u00f3 la Eurocopa de 1996 y se asocia a una generaci\u00f3n memorable de jugadores ingleses.<\/p>\n","protected":false},"excerpt":{"rendered":"<p>La camiseta local de Inglaterra de 1996 es un cl\u00e1sico en blanco con detalles en azul marino y un elegante cuello de estilo polo. Fabricada por Umbro, presenta el escudo en el centro del pecho y el n\u00famero en la parte delantera, un dise\u00f1o ic\u00f3nico que marc\u00f3 la Eurocopa de 1996 y se asocia a [&hellip;]<\/p>\n","protected":false},"featured_media":608,"comment_status":"open","ping_status":"closed","template":"","meta":[],"product_cat":[25,18,19],"product_tag":[],"class_list":{"0":"post-553","1":"product","2":"type-product","3":"status-publish","4":"has-post-thumbnail","6":"product_cat-inglaterra","7":"product_cat-jerseys","8":"product_cat-selecciones","10":"first","11":"instock","12":"taxable","13":"shipping-taxable","14":"purchasable","15":"product-type-variable"},"_links":{"self":[{"href":"https:\/\/SimbolicaFC.com\/index.php?rest_route=\/wp\/v2\/product\/553","targetHints":{"allow":["GET"]}}],"collection":[{"href":"https:\/\/SimbolicaFC.com\/index.php?rest_route=\/wp\/v2\/product"}],"about":[{"href":"https:\/\/SimbolicaFC.com\/index.php?rest_route=\/wp\/v2\/types\/product"}],"replies":[{"embeddable":true,"href":"https:\/\/SimbolicaFC.com\/index.php?rest_route=%2Fwp%2Fv2%2Fcomments&post=553"}],"wp:featuredmedia":[{"embeddable":true,"href":"https:\/\/SimbolicaFC.com\/index.php?rest_route=\/wp\/v2\/media\/608"}],"wp:attachment":[{"href":"https:\/\/SimbolicaFC.com\/index.php?rest_route=%2Fwp%2Fv2%2Fmedia&parent=553"}],"wp:term":[{"taxonomy":"product_cat","embeddable":true,"href":"https:\/\/SimbolicaFC.com\/index.php?rest_route=%2Fwp%2Fv2%2Fproduct_cat&post=553"},{"taxonomy":"product_tag","embeddable":true,"href":"https:\/\/SimbolicaFC.com\/index.php?rest_route=%2Fwp%2Fv2%2Fproduct_tag&post=553"}],"curies":[{"name":"wp","href":"https:\/\/api.w.org\/{rel}","templated":true}]}}