{"id":552,"date":"2024-10-30T02:15:01","date_gmt":"2024-10-30T02:15:01","guid":{"rendered":"https:\/\/SimbolicaFC.com\/?product=brasil-local-1998-ronaldo-09-ml"},"modified":"2024-11-04T23:17:22","modified_gmt":"2024-11-04T23:17:22","slug":"brasil-local-1998-ronaldo-09-ml","status":"publish","type":"product","link":"https:\/\/SimbolicaFC.com\/?product=brasil-local-1998-ronaldo-09-ml","title":{"rendered":"BRASIL LOCAL 1998 RONALDO #9"},"content":{"rendered":"<p>La camiseta local de Brasil 1998 es un dise\u00f1o emblem\u00e1tico en amarillo vibrante con detalles en verde en el cuello y las mangas. Fabricada por Nike y con el famoso #9 de Ronaldo, representa la \u00e9poca en que el equipo brasile\u00f1o lleg\u00f3 a la final del Mundial de Francia, con el fen\u00f3meno Ronaldo como su m\u00e1xima estrella.<\/p>\n","protected":false},"excerpt":{"rendered":"<p>La camiseta local de Brasil 1998 es un dise\u00f1o emblem\u00e1tico en amarillo vibrante con detalles en verde en el cuello y las mangas. Fabricada por Nike y con el famoso #9 de Ronaldo, representa la \u00e9poca en que el equipo brasile\u00f1o lleg\u00f3 a la final del Mundial de Francia, con el fen\u00f3meno Ronaldo como su [&hellip;]<\/p>\n","protected":false},"featured_media":617,"comment_status":"open","ping_status":"closed","template":"","meta":[],"product_cat":[22,18,20,80,19],"product_tag":[],"class_list":{"0":"post-552","1":"product","2":"type-product","3":"status-publish","4":"has-post-thumbnail","6":"product_cat-brasil","7":"product_cat-jerseys","8":"product_cat-jugadores","9":"product_cat-ronaldo","10":"product_cat-selecciones","12":"first","13":"instock","14":"taxable","15":"shipping-taxable","16":"purchasable","17":"product-type-variable"},"_links":{"self":[{"href":"https:\/\/SimbolicaFC.com\/index.php?rest_route=\/wp\/v2\/product\/552","targetHints":{"allow":["GET"]}}],"collection":[{"href":"https:\/\/SimbolicaFC.com\/index.php?rest_route=\/wp\/v2\/product"}],"about":[{"href":"https:\/\/SimbolicaFC.com\/index.php?rest_route=\/wp\/v2\/types\/product"}],"replies":[{"embeddable":true,"href":"https:\/\/SimbolicaFC.com\/index.php?rest_route=%2Fwp%2Fv2%2Fcomments&post=552"}],"wp:featuredmedia":[{"embeddable":true,"href":"https:\/\/SimbolicaFC.com\/index.php?rest_route=\/wp\/v2\/media\/617"}],"wp:attachment":[{"href":"https:\/\/SimbolicaFC.com\/index.php?rest_route=%2Fwp%2Fv2%2Fmedia&parent=552"}],"wp:term":[{"taxonomy":"product_cat","embeddable":true,"href":"https:\/\/SimbolicaFC.com\/index.php?rest_route=%2Fwp%2Fv2%2Fproduct_cat&post=552"},{"taxonomy":"product_tag","embeddable":true,"href":"https:\/\/SimbolicaFC.com\/index.php?rest_route=%2Fwp%2Fv2%2Fproduct_tag&post=552"}],"curies":[{"name":"wp","href":"https:\/\/api.w.org\/{rel}","templated":true}]}}