{"id":551,"date":"2024-10-30T02:15:01","date_gmt":"2024-10-30T02:15:01","guid":{"rendered":"https:\/\/SimbolicaFC.com\/?product=espaa-visitante-2010-iniesta-06-mc"},"modified":"2024-11-04T23:24:15","modified_gmt":"2024-11-04T23:24:15","slug":"espaa-visitante-2010-iniesta-06-mc","status":"publish","type":"product","link":"https:\/\/SimbolicaFC.com\/?product=espaa-visitante-2010-iniesta-06-mc","title":{"rendered":"ESPA\u00d1A VISITANTE 2010 INIESTA #6"},"content":{"rendered":"<p>La camiseta visitante de Espa\u00f1a 2010 es un dise\u00f1o ic\u00f3nico en azul claro con detalles en azul marino y amarillo. Fabricada por Adidas y con el #6 de Iniesta, esta camiseta representa el a\u00f1o en que Espa\u00f1a conquist\u00f3 su primera Copa del Mundo, con el inolvidable gol de Iniesta en la final.<\/p>\n","protected":false},"excerpt":{"rendered":"<p>La camiseta visitante de Espa\u00f1a 2010 es un dise\u00f1o ic\u00f3nico en azul claro con detalles en azul marino y amarillo. Fabricada por Adidas y con el #6 de Iniesta, esta camiseta representa el a\u00f1o en que Espa\u00f1a conquist\u00f3 su primera Copa del Mundo, con el inolvidable gol de Iniesta en la final.<\/p>\n","protected":false},"featured_media":583,"comment_status":"open","ping_status":"closed","template":"","meta":[],"product_cat":[23,43,18,20,19],"product_tag":[],"class_list":{"0":"post-551","1":"product","2":"type-product","3":"status-publish","4":"has-post-thumbnail","6":"product_cat-espana","7":"product_cat-iniesta","8":"product_cat-jerseys","9":"product_cat-jugadores","10":"product_cat-selecciones","12":"first","13":"instock","14":"taxable","15":"shipping-taxable","16":"purchasable","17":"product-type-variable"},"_links":{"self":[{"href":"https:\/\/SimbolicaFC.com\/index.php?rest_route=\/wp\/v2\/product\/551","targetHints":{"allow":["GET"]}}],"collection":[{"href":"https:\/\/SimbolicaFC.com\/index.php?rest_route=\/wp\/v2\/product"}],"about":[{"href":"https:\/\/SimbolicaFC.com\/index.php?rest_route=\/wp\/v2\/types\/product"}],"replies":[{"embeddable":true,"href":"https:\/\/SimbolicaFC.com\/index.php?rest_route=%2Fwp%2Fv2%2Fcomments&post=551"}],"wp:featuredmedia":[{"embeddable":true,"href":"https:\/\/SimbolicaFC.com\/index.php?rest_route=\/wp\/v2\/media\/583"}],"wp:attachment":[{"href":"https:\/\/SimbolicaFC.com\/index.php?rest_route=%2Fwp%2Fv2%2Fmedia&parent=551"}],"wp:term":[{"taxonomy":"product_cat","embeddable":true,"href":"https:\/\/SimbolicaFC.com\/index.php?rest_route=%2Fwp%2Fv2%2Fproduct_cat&post=551"},{"taxonomy":"product_tag","embeddable":true,"href":"https:\/\/SimbolicaFC.com\/index.php?rest_route=%2Fwp%2Fv2%2Fproduct_tag&post=551"}],"curies":[{"name":"wp","href":"https:\/\/api.w.org\/{rel}","templated":true}]}}