{"id":549,"date":"2024-10-30T02:15:00","date_gmt":"2024-10-30T02:15:00","guid":{"rendered":"https:\/\/SimbolicaFC.com\/?product=real-madrid-local-2005-06-zidane-05-ml"},"modified":"2024-11-06T23:28:59","modified_gmt":"2024-11-06T23:28:59","slug":"real-madrid-local-2005-06-zidane-05-ml","status":"publish","type":"product","link":"https:\/\/SimbolicaFC.com\/?product=real-madrid-local-2005-06-zidane-05-ml","title":{"rendered":"REAL MADRID LOCAL 2005 &#8211; 2006 ZIDANE #5"},"content":{"rendered":"<p>La camiseta local del Real Madrid 2005-2006 es un cl\u00e1sico en blanco puro con detalles en negro. Fabricada por Adidas y con el ic\u00f3nico #5 de Zidane, representa la elegancia y el estilo del equipo durante una \u00e9poca dorada en la que el franc\u00e9s dej\u00f3 su huella en el club.<\/p>\n","protected":false},"excerpt":{"rendered":"<p>La camiseta local del Real Madrid 2005-2006 es un cl\u00e1sico en blanco puro con detalles en negro. Fabricada por Adidas y con el ic\u00f3nico #5 de Zidane, representa la elegancia y el estilo del equipo durante una \u00e9poca dorada en la que el franc\u00e9s dej\u00f3 su huella en el club.<\/p>\n","protected":false},"featured_media":1818,"comment_status":"open","ping_status":"closed","template":"","meta":[],"product_cat":[31,18,20,63,37],"product_tag":[],"class_list":{"0":"post-549","1":"product","2":"type-product","3":"status-publish","4":"has-post-thumbnail","6":"product_cat-clubes-de-europa","7":"product_cat-jerseys","8":"product_cat-jugadores","9":"product_cat-real-madrid","10":"product_cat-zidane","12":"first","13":"instock","14":"taxable","15":"shipping-taxable","16":"purchasable","17":"product-type-variable"},"_links":{"self":[{"href":"https:\/\/SimbolicaFC.com\/index.php?rest_route=\/wp\/v2\/product\/549","targetHints":{"allow":["GET"]}}],"collection":[{"href":"https:\/\/SimbolicaFC.com\/index.php?rest_route=\/wp\/v2\/product"}],"about":[{"href":"https:\/\/SimbolicaFC.com\/index.php?rest_route=\/wp\/v2\/types\/product"}],"replies":[{"embeddable":true,"href":"https:\/\/SimbolicaFC.com\/index.php?rest_route=%2Fwp%2Fv2%2Fcomments&post=549"}],"wp:featuredmedia":[{"embeddable":true,"href":"https:\/\/SimbolicaFC.com\/index.php?rest_route=\/wp\/v2\/media\/1818"}],"wp:attachment":[{"href":"https:\/\/SimbolicaFC.com\/index.php?rest_route=%2Fwp%2Fv2%2Fmedia&parent=549"}],"wp:term":[{"taxonomy":"product_cat","embeddable":true,"href":"https:\/\/SimbolicaFC.com\/index.php?rest_route=%2Fwp%2Fv2%2Fproduct_cat&post=549"},{"taxonomy":"product_tag","embeddable":true,"href":"https:\/\/SimbolicaFC.com\/index.php?rest_route=%2Fwp%2Fv2%2Fproduct_tag&post=549"}],"curies":[{"name":"wp","href":"https:\/\/api.w.org\/{rel}","templated":true}]}}