{"id":547,"date":"2024-10-30T02:15:00","date_gmt":"2024-10-30T02:15:00","guid":{"rendered":"https:\/\/SimbolicaFC.com\/?product=bayern-munich-1998-00-visitante-mc"},"modified":"2024-11-04T23:33:36","modified_gmt":"2024-11-04T23:33:36","slug":"bayern-munich-1998-00-visitante-mc","status":"publish","type":"product","link":"https:\/\/SimbolicaFC.com\/?product=bayern-munich-1998-00-visitante-mc","title":{"rendered":"BAYERN MUNICH 1998-00 VISITANTE"},"content":{"rendered":"<p>La camiseta visitante del Bayern M\u00fanich 1998-2000 es un dise\u00f1o ic\u00f3nico de la \u00e9poca, fabricada por Adidas. Presenta un estilo moderno con el escudo del club y el patrocinio de Telekom en el pecho, convirti\u00e9ndola en una pieza muy valorada por los aficionados del club.<\/p>\n","protected":false},"excerpt":{"rendered":"<p>La camiseta visitante del Bayern M\u00fanich 1998-2000 es un dise\u00f1o ic\u00f3nico de la \u00e9poca, fabricada por Adidas. Presenta un estilo moderno con el escudo del club y el patrocinio de Telekom en el pecho, convirti\u00e9ndola en una pieza muy valorada por los aficionados del club.<\/p>\n","protected":false},"featured_media":615,"comment_status":"open","ping_status":"closed","template":"","meta":[],"product_cat":[56,31,18],"product_tag":[],"class_list":{"0":"post-547","1":"product","2":"type-product","3":"status-publish","4":"has-post-thumbnail","6":"product_cat-bayern-munich","7":"product_cat-clubes-de-europa","8":"product_cat-jerseys","10":"first","11":"instock","12":"taxable","13":"shipping-taxable","14":"purchasable","15":"product-type-variable"},"_links":{"self":[{"href":"https:\/\/SimbolicaFC.com\/index.php?rest_route=\/wp\/v2\/product\/547","targetHints":{"allow":["GET"]}}],"collection":[{"href":"https:\/\/SimbolicaFC.com\/index.php?rest_route=\/wp\/v2\/product"}],"about":[{"href":"https:\/\/SimbolicaFC.com\/index.php?rest_route=\/wp\/v2\/types\/product"}],"replies":[{"embeddable":true,"href":"https:\/\/SimbolicaFC.com\/index.php?rest_route=%2Fwp%2Fv2%2Fcomments&post=547"}],"wp:featuredmedia":[{"embeddable":true,"href":"https:\/\/SimbolicaFC.com\/index.php?rest_route=\/wp\/v2\/media\/615"}],"wp:attachment":[{"href":"https:\/\/SimbolicaFC.com\/index.php?rest_route=%2Fwp%2Fv2%2Fmedia&parent=547"}],"wp:term":[{"taxonomy":"product_cat","embeddable":true,"href":"https:\/\/SimbolicaFC.com\/index.php?rest_route=%2Fwp%2Fv2%2Fproduct_cat&post=547"},{"taxonomy":"product_tag","embeddable":true,"href":"https:\/\/SimbolicaFC.com\/index.php?rest_route=%2Fwp%2Fv2%2Fproduct_tag&post=547"}],"curies":[{"name":"wp","href":"https:\/\/api.w.org\/{rel}","templated":true}]}}