{"id":545,"date":"2024-10-30T02:14:59","date_gmt":"2024-10-30T02:14:59","guid":{"rendered":"https:\/\/SimbolicaFC.com\/?product=barcelona-local-2001-02-mc"},"modified":"2024-11-06T23:27:45","modified_gmt":"2024-11-06T23:27:45","slug":"barcelona-local-2001-02-mc","status":"publish","type":"product","link":"https:\/\/SimbolicaFC.com\/?product=barcelona-local-2001-02-mc","title":{"rendered":"BARCELONA LOCAL 2001 &#8211; 2002"},"content":{"rendered":"<p>La camiseta local del Barcelona 2001-2002, fabricada por Nike, es un dise\u00f1o cl\u00e1sico que representa una temporada significativa para el club. Durante este a\u00f1o, jugadores como Ronaldinho empezaron a dejar su huella en el equipo, estableciendo las bases para el \u00e9xito futuro del Bar\u00e7a. Esta camiseta se ha convertido en un s\u00edmbolo de esa era, recordando momentos inolvidables en el Camp Nou.<\/p>\n","protected":false},"excerpt":{"rendered":"<p>La camiseta local del Barcelona 2001-2002, fabricada por Nike, es un dise\u00f1o cl\u00e1sico que representa una temporada significativa para el club. Durante este a\u00f1o, jugadores como Ronaldinho empezaron a dejar su huella en el equipo, estableciendo las bases para el \u00e9xito futuro del Bar\u00e7a. Esta camiseta se ha convertido en un s\u00edmbolo de esa era, [&hellip;]<\/p>\n","protected":false},"featured_media":1798,"comment_status":"open","ping_status":"closed","template":"","meta":[],"product_cat":[55,31,18],"product_tag":[],"class_list":{"0":"post-545","1":"product","2":"type-product","3":"status-publish","4":"has-post-thumbnail","6":"product_cat-barcelona","7":"product_cat-clubes-de-europa","8":"product_cat-jerseys","10":"first","11":"instock","12":"taxable","13":"shipping-taxable","14":"purchasable","15":"product-type-variable"},"_links":{"self":[{"href":"https:\/\/SimbolicaFC.com\/index.php?rest_route=\/wp\/v2\/product\/545","targetHints":{"allow":["GET"]}}],"collection":[{"href":"https:\/\/SimbolicaFC.com\/index.php?rest_route=\/wp\/v2\/product"}],"about":[{"href":"https:\/\/SimbolicaFC.com\/index.php?rest_route=\/wp\/v2\/types\/product"}],"replies":[{"embeddable":true,"href":"https:\/\/SimbolicaFC.com\/index.php?rest_route=%2Fwp%2Fv2%2Fcomments&post=545"}],"wp:featuredmedia":[{"embeddable":true,"href":"https:\/\/SimbolicaFC.com\/index.php?rest_route=\/wp\/v2\/media\/1798"}],"wp:attachment":[{"href":"https:\/\/SimbolicaFC.com\/index.php?rest_route=%2Fwp%2Fv2%2Fmedia&parent=545"}],"wp:term":[{"taxonomy":"product_cat","embeddable":true,"href":"https:\/\/SimbolicaFC.com\/index.php?rest_route=%2Fwp%2Fv2%2Fproduct_cat&post=545"},{"taxonomy":"product_tag","embeddable":true,"href":"https:\/\/SimbolicaFC.com\/index.php?rest_route=%2Fwp%2Fv2%2Fproduct_tag&post=545"}],"curies":[{"name":"wp","href":"https:\/\/api.w.org\/{rel}","templated":true}]}}