{"id":544,"date":"2024-10-30T02:14:59","date_gmt":"2024-10-30T02:14:59","guid":{"rendered":"https:\/\/SimbolicaFC.com\/?product=man-u-visitante-2003-05-cristiano-r-07-mc"},"modified":"2024-11-04T23:41:50","modified_gmt":"2024-11-04T23:41:50","slug":"man-u-visitante-2003-05-cristiano-r-07-mc","status":"publish","type":"product","link":"https:\/\/SimbolicaFC.com\/?product=man-u-visitante-2003-05-cristiano-r-07-mc","title":{"rendered":"MANCHESTER UNITED VISITANTE 2003 &#8211; 2005 CRISTIANO RONALDO #7"},"content":{"rendered":"<p>La camiseta visitante del Manchester United 2003-2005, fabricada por Nike, es un dise\u00f1o ic\u00f3nico que lleva el #7 de Cristiano Ronaldo. Durante estas temporadas, Ronaldo comenz\u00f3 a mostrar su incre\u00edble talento y habilidades, ayudando al equipo a ganar m\u00faltiples t\u00edtulos y dejando una marca imborrable en la historia del club. Esta camiseta es un s\u00edmbolo de su evoluci\u00f3n como jugador estrella en el Manchester United.<\/p>\n","protected":false},"excerpt":{"rendered":"<p>La camiseta visitante del Manchester United 2003-2005, fabricada por Nike, es un dise\u00f1o ic\u00f3nico que lleva el #7 de Cristiano Ronaldo. Durante estas temporadas, Ronaldo comenz\u00f3 a mostrar su incre\u00edble talento y habilidades, ayudando al equipo a ganar m\u00faltiples t\u00edtulos y dejando una marca imborrable en la historia del club. Esta camiseta es un s\u00edmbolo [&hellip;]<\/p>\n","protected":false},"featured_media":582,"comment_status":"open","ping_status":"closed","template":"","meta":[],"product_cat":[41,31,18,20,60],"product_tag":[],"class_list":{"0":"post-544","1":"product","2":"type-product","3":"status-publish","4":"has-post-thumbnail","6":"product_cat-cristiano-ronaldo","7":"product_cat-clubes-de-europa","8":"product_cat-jerseys","9":"product_cat-jugadores","10":"product_cat-manchester-united","12":"first","13":"instock","14":"sale","15":"taxable","16":"shipping-taxable","17":"purchasable","18":"product-type-variable"},"_links":{"self":[{"href":"https:\/\/SimbolicaFC.com\/index.php?rest_route=\/wp\/v2\/product\/544","targetHints":{"allow":["GET"]}}],"collection":[{"href":"https:\/\/SimbolicaFC.com\/index.php?rest_route=\/wp\/v2\/product"}],"about":[{"href":"https:\/\/SimbolicaFC.com\/index.php?rest_route=\/wp\/v2\/types\/product"}],"replies":[{"embeddable":true,"href":"https:\/\/SimbolicaFC.com\/index.php?rest_route=%2Fwp%2Fv2%2Fcomments&post=544"}],"wp:featuredmedia":[{"embeddable":true,"href":"https:\/\/SimbolicaFC.com\/index.php?rest_route=\/wp\/v2\/media\/582"}],"wp:attachment":[{"href":"https:\/\/SimbolicaFC.com\/index.php?rest_route=%2Fwp%2Fv2%2Fmedia&parent=544"}],"wp:term":[{"taxonomy":"product_cat","embeddable":true,"href":"https:\/\/SimbolicaFC.com\/index.php?rest_route=%2Fwp%2Fv2%2Fproduct_cat&post=544"},{"taxonomy":"product_tag","embeddable":true,"href":"https:\/\/SimbolicaFC.com\/index.php?rest_route=%2Fwp%2Fv2%2Fproduct_tag&post=544"}],"curies":[{"name":"wp","href":"https:\/\/api.w.org\/{rel}","templated":true}]}}