{"id":543,"date":"2024-10-30T02:14:58","date_gmt":"2024-10-30T02:14:58","guid":{"rendered":"https:\/\/SimbolicaFC.com\/?product=inter-milan-visitante-1998-99-mc"},"modified":"2024-11-04T23:49:19","modified_gmt":"2024-11-04T23:49:19","slug":"inter-milan-visitante-1998-99-mc","status":"publish","type":"product","link":"https:\/\/SimbolicaFC.com\/?product=inter-milan-visitante-1998-99-mc","title":{"rendered":"INTER MILAN VISITANTE 1998 &#8211; 1999"},"content":{"rendered":"<p>La camiseta visitante del Inter de Mil\u00e1n 1998-1999 es un dise\u00f1o distintivo, fabricada por Nike. Durante esta temporada, el equipo cont\u00f3 con jugadores destacados como Ronaldo, quien brill\u00f3 en el campo y se convirti\u00f3 en una de las estrellas del f\u00fatbol mundial. Esta camiseta evoca recuerdos de una era emocionante para el club y sus aficionados.<\/p>\n","protected":false},"excerpt":{"rendered":"<p>La camiseta visitante del Inter de Mil\u00e1n 1998-1999 es un dise\u00f1o distintivo, fabricada por Nike. Durante esta temporada, el equipo cont\u00f3 con jugadores destacados como Ronaldo, quien brill\u00f3 en el campo y se convirti\u00f3 en una de las estrellas del f\u00fatbol mundial. Esta camiseta evoca recuerdos de una era emocionante para el club y sus [&hellip;]<\/p>\n","protected":false},"featured_media":585,"comment_status":"open","ping_status":"closed","template":"","meta":[],"product_cat":[31,57,18],"product_tag":[],"class_list":{"0":"post-543","1":"product","2":"type-product","3":"status-publish","4":"has-post-thumbnail","6":"product_cat-clubes-de-europa","7":"product_cat-inter-de-milan","8":"product_cat-jerseys","10":"first","11":"instock","12":"taxable","13":"shipping-taxable","14":"purchasable","15":"product-type-variable"},"_links":{"self":[{"href":"https:\/\/SimbolicaFC.com\/index.php?rest_route=\/wp\/v2\/product\/543","targetHints":{"allow":["GET"]}}],"collection":[{"href":"https:\/\/SimbolicaFC.com\/index.php?rest_route=\/wp\/v2\/product"}],"about":[{"href":"https:\/\/SimbolicaFC.com\/index.php?rest_route=\/wp\/v2\/types\/product"}],"replies":[{"embeddable":true,"href":"https:\/\/SimbolicaFC.com\/index.php?rest_route=%2Fwp%2Fv2%2Fcomments&post=543"}],"wp:featuredmedia":[{"embeddable":true,"href":"https:\/\/SimbolicaFC.com\/index.php?rest_route=\/wp\/v2\/media\/585"}],"wp:attachment":[{"href":"https:\/\/SimbolicaFC.com\/index.php?rest_route=%2Fwp%2Fv2%2Fmedia&parent=543"}],"wp:term":[{"taxonomy":"product_cat","embeddable":true,"href":"https:\/\/SimbolicaFC.com\/index.php?rest_route=%2Fwp%2Fv2%2Fproduct_cat&post=543"},{"taxonomy":"product_tag","embeddable":true,"href":"https:\/\/SimbolicaFC.com\/index.php?rest_route=%2Fwp%2Fv2%2Fproduct_tag&post=543"}],"curies":[{"name":"wp","href":"https:\/\/api.w.org\/{rel}","templated":true}]}}