{"id":542,"date":"2024-10-30T02:14:58","date_gmt":"2024-10-30T02:14:58","guid":{"rendered":"https:\/\/SimbolicaFC.com\/?product=alemania-visitante-1992-mc"},"modified":"2024-11-04T23:58:21","modified_gmt":"2024-11-04T23:58:21","slug":"alemania-visitante-1992-mc","status":"publish","type":"product","link":"https:\/\/SimbolicaFC.com\/?product=alemania-visitante-1992-mc","title":{"rendered":"ALEMANIA VISITANTE 1992"},"content":{"rendered":"<p>La camiseta visitante de Alemania de 1992 es un dise\u00f1o ic\u00f3nico, fabricada por Adidas. Esta camiseta fue utilizada durante la Eurocopa de 1992, en la que el equipo alem\u00e1n lleg\u00f3 a la final. Su estilo cl\u00e1sico y elegante es recordado por los aficionados como un s\u00edmbolo de una \u00e9poca dorada en la historia del f\u00fatbol alem\u00e1n.<\/p>\n","protected":false},"excerpt":{"rendered":"<p>La camiseta visitante de Alemania de 1992 es un dise\u00f1o ic\u00f3nico, fabricada por Adidas. Esta camiseta fue utilizada durante la Eurocopa de 1992, en la que el equipo alem\u00e1n lleg\u00f3 a la final. Su estilo cl\u00e1sico y elegante es recordado por los aficionados como un s\u00edmbolo de una \u00e9poca dorada en la historia del f\u00fatbol [&hellip;]<\/p>\n","protected":false},"featured_media":621,"comment_status":"open","ping_status":"closed","template":"","meta":[],"product_cat":[30,18,19],"product_tag":[],"class_list":{"0":"post-542","1":"product","2":"type-product","3":"status-publish","4":"has-post-thumbnail","6":"product_cat-alemania","7":"product_cat-jerseys","8":"product_cat-selecciones","10":"first","11":"instock","12":"taxable","13":"shipping-taxable","14":"purchasable","15":"product-type-variable"},"_links":{"self":[{"href":"https:\/\/SimbolicaFC.com\/index.php?rest_route=\/wp\/v2\/product\/542","targetHints":{"allow":["GET"]}}],"collection":[{"href":"https:\/\/SimbolicaFC.com\/index.php?rest_route=\/wp\/v2\/product"}],"about":[{"href":"https:\/\/SimbolicaFC.com\/index.php?rest_route=\/wp\/v2\/types\/product"}],"replies":[{"embeddable":true,"href":"https:\/\/SimbolicaFC.com\/index.php?rest_route=%2Fwp%2Fv2%2Fcomments&post=542"}],"wp:featuredmedia":[{"embeddable":true,"href":"https:\/\/SimbolicaFC.com\/index.php?rest_route=\/wp\/v2\/media\/621"}],"wp:attachment":[{"href":"https:\/\/SimbolicaFC.com\/index.php?rest_route=%2Fwp%2Fv2%2Fmedia&parent=542"}],"wp:term":[{"taxonomy":"product_cat","embeddable":true,"href":"https:\/\/SimbolicaFC.com\/index.php?rest_route=%2Fwp%2Fv2%2Fproduct_cat&post=542"},{"taxonomy":"product_tag","embeddable":true,"href":"https:\/\/SimbolicaFC.com\/index.php?rest_route=%2Fwp%2Fv2%2Fproduct_tag&post=542"}],"curies":[{"name":"wp","href":"https:\/\/api.w.org\/{rel}","templated":true}]}}