{"id":540,"date":"2024-10-30T02:14:58","date_gmt":"2024-10-30T02:14:58","guid":{"rendered":"https:\/\/SimbolicaFC.com\/?product=man-u-visitante-2008-09-cristiano-r-07-ml"},"modified":"2024-11-05T00:21:32","modified_gmt":"2024-11-05T00:21:32","slug":"man-u-visitante-2008-09-cristiano-r-07-ml","status":"publish","type":"product","link":"https:\/\/SimbolicaFC.com\/?product=man-u-visitante-2008-09-cristiano-r-07-ml","title":{"rendered":"MANCHESTER UNITED VISITANTE 2008 &#8211; 2009 CRISTIANO RONALDO #7"},"content":{"rendered":"<p>La camiseta visitante del Manchester United 2008-2009, fabricada por Nike, es un dise\u00f1o emblem\u00e1tico que lleva el #7 de Cristiano Ronaldo. Durante esta temporada, Ronaldo continu\u00f3 brillando en el campo, ayudando al equipo a lograr el t\u00edtulo de la Premier League y llegar a la final de la UEFA Champions League. Esta camiseta es un s\u00edmbolo de su legado en el club y de una \u00e9poca de gran \u00e9xito para el Manchester United.<\/p>\n","protected":false},"excerpt":{"rendered":"<p>La camiseta visitante del Manchester United 2008-2009, fabricada por Nike, es un dise\u00f1o emblem\u00e1tico que lleva el #7 de Cristiano Ronaldo. Durante esta temporada, Ronaldo continu\u00f3 brillando en el campo, ayudando al equipo a lograr el t\u00edtulo de la Premier League y llegar a la final de la UEFA Champions League. Esta camiseta es un [&hellip;]<\/p>\n","protected":false},"featured_media":591,"comment_status":"open","ping_status":"closed","template":"","meta":[],"product_cat":[41,31,18,20,60],"product_tag":[],"class_list":{"0":"post-540","1":"product","2":"type-product","3":"status-publish","4":"has-post-thumbnail","6":"product_cat-cristiano-ronaldo","7":"product_cat-clubes-de-europa","8":"product_cat-jerseys","9":"product_cat-jugadores","10":"product_cat-manchester-united","12":"first","13":"instock","14":"taxable","15":"shipping-taxable","16":"purchasable","17":"product-type-variable"},"_links":{"self":[{"href":"https:\/\/SimbolicaFC.com\/index.php?rest_route=\/wp\/v2\/product\/540","targetHints":{"allow":["GET"]}}],"collection":[{"href":"https:\/\/SimbolicaFC.com\/index.php?rest_route=\/wp\/v2\/product"}],"about":[{"href":"https:\/\/SimbolicaFC.com\/index.php?rest_route=\/wp\/v2\/types\/product"}],"replies":[{"embeddable":true,"href":"https:\/\/SimbolicaFC.com\/index.php?rest_route=%2Fwp%2Fv2%2Fcomments&post=540"}],"wp:featuredmedia":[{"embeddable":true,"href":"https:\/\/SimbolicaFC.com\/index.php?rest_route=\/wp\/v2\/media\/591"}],"wp:attachment":[{"href":"https:\/\/SimbolicaFC.com\/index.php?rest_route=%2Fwp%2Fv2%2Fmedia&parent=540"}],"wp:term":[{"taxonomy":"product_cat","embeddable":true,"href":"https:\/\/SimbolicaFC.com\/index.php?rest_route=%2Fwp%2Fv2%2Fproduct_cat&post=540"},{"taxonomy":"product_tag","embeddable":true,"href":"https:\/\/SimbolicaFC.com\/index.php?rest_route=%2Fwp%2Fv2%2Fproduct_tag&post=540"}],"curies":[{"name":"wp","href":"https:\/\/api.w.org\/{rel}","templated":true}]}}