{"id":539,"date":"2024-10-30T02:14:57","date_gmt":"2024-10-30T02:14:57","guid":{"rendered":"https:\/\/SimbolicaFC.com\/?product=espaa-local-1998-mc"},"modified":"2024-11-05T00:24:39","modified_gmt":"2024-11-05T00:24:39","slug":"espaa-local-1998-mc","status":"publish","type":"product","link":"https:\/\/SimbolicaFC.com\/?product=espaa-local-1998-mc","title":{"rendered":"ESPA\u00d1A LOCAL 1998"},"content":{"rendered":"<p>La camiseta local de Espa\u00f1a de 1998 es un dise\u00f1o distintivo, fabricada por Adidas. Utilizada durante la Copa Mundial de la FIFA 1998, esta camiseta refleja la identidad del equipo nacional en una \u00e9poca de transici\u00f3n. Su estilo cl\u00e1sico es recordado por los aficionados, simbolizando la pasi\u00f3n y el orgullo del f\u00fatbol espa\u00f1ol en aquel entonces.<\/p>\n","protected":false},"excerpt":{"rendered":"<p>La camiseta local de Espa\u00f1a de 1998 es un dise\u00f1o distintivo, fabricada por Adidas. Utilizada durante la Copa Mundial de la FIFA 1998, esta camiseta refleja la identidad del equipo nacional en una \u00e9poca de transici\u00f3n. Su estilo cl\u00e1sico es recordado por los aficionados, simbolizando la pasi\u00f3n y el orgullo del f\u00fatbol espa\u00f1ol en aquel [&hellip;]<\/p>\n","protected":false},"featured_media":604,"comment_status":"open","ping_status":"closed","template":"","meta":[],"product_cat":[23,18,19],"product_tag":[],"class_list":{"0":"post-539","1":"product","2":"type-product","3":"status-publish","4":"has-post-thumbnail","6":"product_cat-espana","7":"product_cat-jerseys","8":"product_cat-selecciones","10":"first","11":"instock","12":"taxable","13":"shipping-taxable","14":"purchasable","15":"product-type-variable"},"_links":{"self":[{"href":"https:\/\/SimbolicaFC.com\/index.php?rest_route=\/wp\/v2\/product\/539","targetHints":{"allow":["GET"]}}],"collection":[{"href":"https:\/\/SimbolicaFC.com\/index.php?rest_route=\/wp\/v2\/product"}],"about":[{"href":"https:\/\/SimbolicaFC.com\/index.php?rest_route=\/wp\/v2\/types\/product"}],"replies":[{"embeddable":true,"href":"https:\/\/SimbolicaFC.com\/index.php?rest_route=%2Fwp%2Fv2%2Fcomments&post=539"}],"wp:featuredmedia":[{"embeddable":true,"href":"https:\/\/SimbolicaFC.com\/index.php?rest_route=\/wp\/v2\/media\/604"}],"wp:attachment":[{"href":"https:\/\/SimbolicaFC.com\/index.php?rest_route=%2Fwp%2Fv2%2Fmedia&parent=539"}],"wp:term":[{"taxonomy":"product_cat","embeddable":true,"href":"https:\/\/SimbolicaFC.com\/index.php?rest_route=%2Fwp%2Fv2%2Fproduct_cat&post=539"},{"taxonomy":"product_tag","embeddable":true,"href":"https:\/\/SimbolicaFC.com\/index.php?rest_route=%2Fwp%2Fv2%2Fproduct_tag&post=539"}],"curies":[{"name":"wp","href":"https:\/\/api.w.org\/{rel}","templated":true}]}}