{"id":538,"date":"2024-10-30T02:14:57","date_gmt":"2024-10-30T02:14:57","guid":{"rendered":"https:\/\/SimbolicaFC.com\/?product=italia-local-2012-pirlo-21-mc"},"modified":"2024-11-05T00:29:45","modified_gmt":"2024-11-05T00:29:45","slug":"italia-local-2012-pirlo-21-mc","status":"publish","type":"product","link":"https:\/\/SimbolicaFC.com\/?product=italia-local-2012-pirlo-21-mc","title":{"rendered":"ITALIA LOCAL 2012 PIRLO #21"},"content":{"rendered":"<p>La camiseta local de Italia 2012, fabricada por Puma, es un dise\u00f1o elegante que lleva el #21 de Andrea Pirlo. Utilizada durante la Eurocopa 2012, esta camiseta se convirti\u00f3 en un s\u00edmbolo del estilo de juego distintivo de Pirlo y su influencia en el equipo. Italia lleg\u00f3 a la final de ese torneo, y esta camiseta evoca recuerdos de una era destacada en la historia del f\u00fatbol italiano.<\/p>\n","protected":false},"excerpt":{"rendered":"<p>La camiseta local de Italia 2012, fabricada por Puma, es un dise\u00f1o elegante que lleva el #21 de Andrea Pirlo. Utilizada durante la Eurocopa 2012, esta camiseta se convirti\u00f3 en un s\u00edmbolo del estilo de juego distintivo de Pirlo y su influencia en el equipo. Italia lleg\u00f3 a la final de ese torneo, y esta [&hellip;]<\/p>\n","protected":false},"featured_media":576,"comment_status":"open","ping_status":"closed","template":"","meta":[],"product_cat":[26,18,20,47,19],"product_tag":[],"class_list":{"0":"post-538","1":"product","2":"type-product","3":"status-publish","4":"has-post-thumbnail","6":"product_cat-italia","7":"product_cat-jerseys","8":"product_cat-jugadores","9":"product_cat-pirlo","10":"product_cat-selecciones","12":"first","13":"instock","14":"taxable","15":"shipping-taxable","16":"purchasable","17":"product-type-variable"},"_links":{"self":[{"href":"https:\/\/SimbolicaFC.com\/index.php?rest_route=\/wp\/v2\/product\/538","targetHints":{"allow":["GET"]}}],"collection":[{"href":"https:\/\/SimbolicaFC.com\/index.php?rest_route=\/wp\/v2\/product"}],"about":[{"href":"https:\/\/SimbolicaFC.com\/index.php?rest_route=\/wp\/v2\/types\/product"}],"replies":[{"embeddable":true,"href":"https:\/\/SimbolicaFC.com\/index.php?rest_route=%2Fwp%2Fv2%2Fcomments&post=538"}],"wp:featuredmedia":[{"embeddable":true,"href":"https:\/\/SimbolicaFC.com\/index.php?rest_route=\/wp\/v2\/media\/576"}],"wp:attachment":[{"href":"https:\/\/SimbolicaFC.com\/index.php?rest_route=%2Fwp%2Fv2%2Fmedia&parent=538"}],"wp:term":[{"taxonomy":"product_cat","embeddable":true,"href":"https:\/\/SimbolicaFC.com\/index.php?rest_route=%2Fwp%2Fv2%2Fproduct_cat&post=538"},{"taxonomy":"product_tag","embeddable":true,"href":"https:\/\/SimbolicaFC.com\/index.php?rest_route=%2Fwp%2Fv2%2Fproduct_tag&post=538"}],"curies":[{"name":"wp","href":"https:\/\/api.w.org\/{rel}","templated":true}]}}