{"id":536,"date":"2024-10-30T02:14:57","date_gmt":"2024-10-30T02:14:57","guid":{"rendered":"https:\/\/SimbolicaFC.com\/?product=mexico-local-1994-mc"},"modified":"2024-11-05T00:39:35","modified_gmt":"2024-11-05T00:39:35","slug":"mexico-local-1994-mc","status":"publish","type":"product","link":"https:\/\/SimbolicaFC.com\/?product=mexico-local-1994-mc","title":{"rendered":"M\u00c9XICO LOCAL 1994"},"content":{"rendered":"<p>La camiseta local de M\u00e9xico 1994 es un dise\u00f1o ic\u00f3nico que se utiliz\u00f3 durante la Copa del Mundo de 1994 en Estados Unidos. Con su estilo vibrante, refleja la cultura mexicana y se ha convertido en un s\u00edmbolo de orgullo nacional para los aficionados al f\u00fatbol. Esta camiseta evoca recuerdos de un torneo memorable en la historia del f\u00fatbol mexicano.<\/p>\n","protected":false},"excerpt":{"rendered":"<p>La camiseta local de M\u00e9xico 1994 es un dise\u00f1o ic\u00f3nico que se utiliz\u00f3 durante la Copa del Mundo de 1994 en Estados Unidos. Con su estilo vibrante, refleja la cultura mexicana y se ha convertido en un s\u00edmbolo de orgullo nacional para los aficionados al f\u00fatbol. Esta camiseta evoca recuerdos de un torneo memorable en [&hellip;]<\/p>\n","protected":false},"featured_media":593,"comment_status":"open","ping_status":"closed","template":"","meta":[],"product_cat":[18,28,19],"product_tag":[],"class_list":{"0":"post-536","1":"product","2":"type-product","3":"status-publish","4":"has-post-thumbnail","6":"product_cat-jerseys","7":"product_cat-mexico","8":"product_cat-selecciones","10":"first","11":"instock","12":"taxable","13":"shipping-taxable","14":"purchasable","15":"product-type-variable"},"_links":{"self":[{"href":"https:\/\/SimbolicaFC.com\/index.php?rest_route=\/wp\/v2\/product\/536","targetHints":{"allow":["GET"]}}],"collection":[{"href":"https:\/\/SimbolicaFC.com\/index.php?rest_route=\/wp\/v2\/product"}],"about":[{"href":"https:\/\/SimbolicaFC.com\/index.php?rest_route=\/wp\/v2\/types\/product"}],"replies":[{"embeddable":true,"href":"https:\/\/SimbolicaFC.com\/index.php?rest_route=%2Fwp%2Fv2%2Fcomments&post=536"}],"wp:featuredmedia":[{"embeddable":true,"href":"https:\/\/SimbolicaFC.com\/index.php?rest_route=\/wp\/v2\/media\/593"}],"wp:attachment":[{"href":"https:\/\/SimbolicaFC.com\/index.php?rest_route=%2Fwp%2Fv2%2Fmedia&parent=536"}],"wp:term":[{"taxonomy":"product_cat","embeddable":true,"href":"https:\/\/SimbolicaFC.com\/index.php?rest_route=%2Fwp%2Fv2%2Fproduct_cat&post=536"},{"taxonomy":"product_tag","embeddable":true,"href":"https:\/\/SimbolicaFC.com\/index.php?rest_route=%2Fwp%2Fv2%2Fproduct_tag&post=536"}],"curies":[{"name":"wp","href":"https:\/\/api.w.org\/{rel}","templated":true}]}}