{"id":535,"date":"2024-10-30T02:14:56","date_gmt":"2024-10-30T02:14:56","guid":{"rendered":"https:\/\/SimbolicaFC.com\/?product=jamaica-visitante-1998-mc"},"modified":"2024-11-05T00:48:03","modified_gmt":"2024-11-05T00:48:03","slug":"jamaica-visitante-1998-mc","status":"publish","type":"product","link":"https:\/\/SimbolicaFC.com\/?product=jamaica-visitante-1998-mc","title":{"rendered":"JAMAICA VISITANTE 1998"},"content":{"rendered":"<p>La camiseta visitante de Jamaica 1998 es un dise\u00f1o distintivo con su estilo audaz y colores vibrantes, representa la identidad cultural del pa\u00eds. Esta camiseta es un s\u00edmbolo del orgullo jamaicano en el escenario mundial.<\/p>\n","protected":false},"excerpt":{"rendered":"<p>La camiseta visitante de Jamaica 1998 es un dise\u00f1o distintivo con su estilo audaz y colores vibrantes, representa la identidad cultural del pa\u00eds. Esta camiseta es un s\u00edmbolo del orgullo jamaicano en el escenario mundial.<\/p>\n","protected":false},"featured_media":586,"comment_status":"open","ping_status":"closed","template":"","meta":[],"product_cat":[27,18,19],"product_tag":[],"class_list":{"0":"post-535","1":"product","2":"type-product","3":"status-publish","4":"has-post-thumbnail","6":"product_cat-jamaica","7":"product_cat-jerseys","8":"product_cat-selecciones","10":"first","11":"instock","12":"taxable","13":"shipping-taxable","14":"purchasable","15":"product-type-variable"},"_links":{"self":[{"href":"https:\/\/SimbolicaFC.com\/index.php?rest_route=\/wp\/v2\/product\/535","targetHints":{"allow":["GET"]}}],"collection":[{"href":"https:\/\/SimbolicaFC.com\/index.php?rest_route=\/wp\/v2\/product"}],"about":[{"href":"https:\/\/SimbolicaFC.com\/index.php?rest_route=\/wp\/v2\/types\/product"}],"replies":[{"embeddable":true,"href":"https:\/\/SimbolicaFC.com\/index.php?rest_route=%2Fwp%2Fv2%2Fcomments&post=535"}],"wp:featuredmedia":[{"embeddable":true,"href":"https:\/\/SimbolicaFC.com\/index.php?rest_route=\/wp\/v2\/media\/586"}],"wp:attachment":[{"href":"https:\/\/SimbolicaFC.com\/index.php?rest_route=%2Fwp%2Fv2%2Fmedia&parent=535"}],"wp:term":[{"taxonomy":"product_cat","embeddable":true,"href":"https:\/\/SimbolicaFC.com\/index.php?rest_route=%2Fwp%2Fv2%2Fproduct_cat&post=535"},{"taxonomy":"product_tag","embeddable":true,"href":"https:\/\/SimbolicaFC.com\/index.php?rest_route=%2Fwp%2Fv2%2Fproduct_tag&post=535"}],"curies":[{"name":"wp","href":"https:\/\/api.w.org\/{rel}","templated":true}]}}