{"id":533,"date":"2024-10-30T02:14:56","date_gmt":"2024-10-30T02:14:56","guid":{"rendered":"https:\/\/SimbolicaFC.com\/?product=mexico-visitante-2010-rafa-marquez-04-mc"},"modified":"2024-11-05T00:53:53","modified_gmt":"2024-11-05T00:53:53","slug":"mexico-visitante-2010-rafa-marquez-04-mc","status":"publish","type":"product","link":"https:\/\/SimbolicaFC.com\/?product=mexico-visitante-2010-rafa-marquez-04-mc","title":{"rendered":"MEXICO VISITANTE 2010 RAFA MARQUEZ #4"},"content":{"rendered":"<p>La camiseta visitante de M\u00e9xico 2010 es un dise\u00f1o moderno que se utiliz\u00f3 durante la Copa del Mundo en Sud\u00e1frica. Con un estilo distintivo y detalles llamativos, refleja la identidad del equipo y la pasi\u00f3n de los aficionados. Esta camiseta es recordada por su elegancia.<\/p>\n","protected":false},"excerpt":{"rendered":"<p>La camiseta visitante de M\u00e9xico 2010 es un dise\u00f1o moderno que se utiliz\u00f3 durante la Copa del Mundo en Sud\u00e1frica. Con un estilo distintivo y detalles llamativos, refleja la identidad del equipo y la pasi\u00f3n de los aficionados. Esta camiseta es recordada por su elegancia.<\/p>\n","protected":false},"featured_media":594,"comment_status":"open","ping_status":"closed","template":"","meta":[],"product_cat":[18,20,28,48,19],"product_tag":[],"class_list":{"0":"post-533","1":"product","2":"type-product","3":"status-publish","4":"has-post-thumbnail","6":"product_cat-jerseys","7":"product_cat-jugadores","8":"product_cat-mexico","9":"product_cat-rafa-marquez","10":"product_cat-selecciones","12":"first","13":"instock","14":"taxable","15":"shipping-taxable","16":"purchasable","17":"product-type-variable"},"_links":{"self":[{"href":"https:\/\/SimbolicaFC.com\/index.php?rest_route=\/wp\/v2\/product\/533","targetHints":{"allow":["GET"]}}],"collection":[{"href":"https:\/\/SimbolicaFC.com\/index.php?rest_route=\/wp\/v2\/product"}],"about":[{"href":"https:\/\/SimbolicaFC.com\/index.php?rest_route=\/wp\/v2\/types\/product"}],"replies":[{"embeddable":true,"href":"https:\/\/SimbolicaFC.com\/index.php?rest_route=%2Fwp%2Fv2%2Fcomments&post=533"}],"wp:featuredmedia":[{"embeddable":true,"href":"https:\/\/SimbolicaFC.com\/index.php?rest_route=\/wp\/v2\/media\/594"}],"wp:attachment":[{"href":"https:\/\/SimbolicaFC.com\/index.php?rest_route=%2Fwp%2Fv2%2Fmedia&parent=533"}],"wp:term":[{"taxonomy":"product_cat","embeddable":true,"href":"https:\/\/SimbolicaFC.com\/index.php?rest_route=%2Fwp%2Fv2%2Fproduct_cat&post=533"},{"taxonomy":"product_tag","embeddable":true,"href":"https:\/\/SimbolicaFC.com\/index.php?rest_route=%2Fwp%2Fv2%2Fproduct_tag&post=533"}],"curies":[{"name":"wp","href":"https:\/\/api.w.org\/{rel}","templated":true}]}}