{"id":532,"date":"2024-10-30T02:14:56","date_gmt":"2024-10-30T02:14:56","guid":{"rendered":"https:\/\/SimbolicaFC.com\/?product=ajax-local-1995-95-mc"},"modified":"2024-11-05T00:56:21","modified_gmt":"2024-11-05T00:56:21","slug":"ajax-local-1995-95-mc","status":"publish","type":"product","link":"https:\/\/SimbolicaFC.com\/?product=ajax-local-1995-95-mc","title":{"rendered":"AJAX LOCAL 1995 &#8211; 1995"},"content":{"rendered":"<p>La camiseta local del Ajax 1995-1996 es un dise\u00f1o cl\u00e1sico que se utiliz\u00f3 durante una temporada exitosa para el club. Con su ic\u00f3nica combinaci\u00f3n de colores, refleja la rica historia y tradici\u00f3n del equipo. Esta camiseta es recordada por los aficionados como un s\u00edmbolo de los grandes logros del Ajax en los a\u00f1os 90, incluyendo su destacada actuaci\u00f3n en la Liga de Campeones de ese a\u00f1o.<\/p>\n","protected":false},"excerpt":{"rendered":"<p>La camiseta local del Ajax 1995-1996 es un dise\u00f1o cl\u00e1sico que se utiliz\u00f3 durante una temporada exitosa para el club. Con su ic\u00f3nica combinaci\u00f3n de colores, refleja la rica historia y tradici\u00f3n del equipo. Esta camiseta es recordada por los aficionados como un s\u00edmbolo de los grandes logros del Ajax en los a\u00f1os 90, incluyendo [&hellip;]<\/p>\n","protected":false},"featured_media":620,"comment_status":"open","ping_status":"closed","template":"","meta":[],"product_cat":[32,31,18],"product_tag":[],"class_list":{"0":"post-532","1":"product","2":"type-product","3":"status-publish","4":"has-post-thumbnail","6":"product_cat-ajax","7":"product_cat-clubes-de-europa","8":"product_cat-jerseys","10":"first","11":"instock","12":"taxable","13":"shipping-taxable","14":"purchasable","15":"product-type-variable"},"_links":{"self":[{"href":"https:\/\/SimbolicaFC.com\/index.php?rest_route=\/wp\/v2\/product\/532","targetHints":{"allow":["GET"]}}],"collection":[{"href":"https:\/\/SimbolicaFC.com\/index.php?rest_route=\/wp\/v2\/product"}],"about":[{"href":"https:\/\/SimbolicaFC.com\/index.php?rest_route=\/wp\/v2\/types\/product"}],"replies":[{"embeddable":true,"href":"https:\/\/SimbolicaFC.com\/index.php?rest_route=%2Fwp%2Fv2%2Fcomments&post=532"}],"wp:featuredmedia":[{"embeddable":true,"href":"https:\/\/SimbolicaFC.com\/index.php?rest_route=\/wp\/v2\/media\/620"}],"wp:attachment":[{"href":"https:\/\/SimbolicaFC.com\/index.php?rest_route=%2Fwp%2Fv2%2Fmedia&parent=532"}],"wp:term":[{"taxonomy":"product_cat","embeddable":true,"href":"https:\/\/SimbolicaFC.com\/index.php?rest_route=%2Fwp%2Fv2%2Fproduct_cat&post=532"},{"taxonomy":"product_tag","embeddable":true,"href":"https:\/\/SimbolicaFC.com\/index.php?rest_route=%2Fwp%2Fv2%2Fproduct_tag&post=532"}],"curies":[{"name":"wp","href":"https:\/\/api.w.org\/{rel}","templated":true}]}}