{"id":530,"date":"2024-10-30T02:14:55","date_gmt":"2024-10-30T02:14:55","guid":{"rendered":"https:\/\/SimbolicaFC.com\/?product=real-madrid-local-1999-00-mc"},"modified":"2024-11-06T23:24:17","modified_gmt":"2024-11-06T23:24:17","slug":"real-madrid-local-1999-00-mc","status":"publish","type":"product","link":"https:\/\/SimbolicaFC.com\/?product=real-madrid-local-1999-00-mc","title":{"rendered":"REAL MADRID LOCAL 1999 &#8211; 2000"},"content":{"rendered":"<p>La camiseta local del Real Madrid 1999-2000 es un dise\u00f1o emblem\u00e1tico que se utiliz\u00f3 durante una temporada memorable para el club. Con un estilo cl\u00e1sico y elegante, refleja la rica historia del equipo. Esta camiseta es recordada por los aficionados como un s\u00edmbolo de la \u00e9poca dorada del Real Madrid, especialmente por su victoria en la Liga de Campeones de la UEFA ese a\u00f1o, donde se consagraron campeones.<\/p>\n","protected":false},"excerpt":{"rendered":"<p>La camiseta local del Real Madrid 1999-2000 es un dise\u00f1o emblem\u00e1tico que se utiliz\u00f3 durante una temporada memorable para el club. Con un estilo cl\u00e1sico y elegante, refleja la rica historia del equipo. Esta camiseta es recordada por los aficionados como un s\u00edmbolo de la \u00e9poca dorada del Real Madrid, especialmente por su victoria en [&hellip;]<\/p>\n","protected":false},"featured_media":1819,"comment_status":"open","ping_status":"closed","template":"","meta":[],"product_cat":[31,18,63],"product_tag":[],"class_list":{"0":"post-530","1":"product","2":"type-product","3":"status-publish","4":"has-post-thumbnail","6":"product_cat-clubes-de-europa","7":"product_cat-jerseys","8":"product_cat-real-madrid","10":"first","11":"instock","12":"taxable","13":"shipping-taxable","14":"purchasable","15":"product-type-variable"},"_links":{"self":[{"href":"https:\/\/SimbolicaFC.com\/index.php?rest_route=\/wp\/v2\/product\/530","targetHints":{"allow":["GET"]}}],"collection":[{"href":"https:\/\/SimbolicaFC.com\/index.php?rest_route=\/wp\/v2\/product"}],"about":[{"href":"https:\/\/SimbolicaFC.com\/index.php?rest_route=\/wp\/v2\/types\/product"}],"replies":[{"embeddable":true,"href":"https:\/\/SimbolicaFC.com\/index.php?rest_route=%2Fwp%2Fv2%2Fcomments&post=530"}],"wp:featuredmedia":[{"embeddable":true,"href":"https:\/\/SimbolicaFC.com\/index.php?rest_route=\/wp\/v2\/media\/1819"}],"wp:attachment":[{"href":"https:\/\/SimbolicaFC.com\/index.php?rest_route=%2Fwp%2Fv2%2Fmedia&parent=530"}],"wp:term":[{"taxonomy":"product_cat","embeddable":true,"href":"https:\/\/SimbolicaFC.com\/index.php?rest_route=%2Fwp%2Fv2%2Fproduct_cat&post=530"},{"taxonomy":"product_tag","embeddable":true,"href":"https:\/\/SimbolicaFC.com\/index.php?rest_route=%2Fwp%2Fv2%2Fproduct_tag&post=530"}],"curies":[{"name":"wp","href":"https:\/\/api.w.org\/{rel}","templated":true}]}}