{"id":529,"date":"2024-10-30T02:14:55","date_gmt":"2024-10-30T02:14:55","guid":{"rendered":"https:\/\/SimbolicaFC.com\/?product=atletico-de-madrid-local-1994-95-ml"},"modified":"2024-11-05T17:11:02","modified_gmt":"2024-11-05T17:11:02","slug":"atletico-de-madrid-local-1994-95-ml","status":"publish","type":"product","link":"https:\/\/SimbolicaFC.com\/?product=atletico-de-madrid-local-1994-95-ml","title":{"rendered":"ATLETICO DE MADRID LOCAL 1994 &#8211; 1995"},"content":{"rendered":"<p>La camiseta local del Atl\u00e9tico de Madrid 1994-1995 es una pieza hist\u00f3rica que representa la esencia y garra del club. Con su estilo tradicional, esta camiseta evoca una \u00e9poca llena de pasi\u00f3n y compromiso en el f\u00fatbol espa\u00f1ol, siendo un s\u00edmbolo de orgullo para los aficionados colchoneros.<\/p>\n","protected":false},"excerpt":{"rendered":"<p>La camiseta local del Atl\u00e9tico de Madrid 1994-1995 es una pieza hist\u00f3rica que representa la esencia y garra del club. Con su estilo tradicional, esta camiseta evoca una \u00e9poca llena de pasi\u00f3n y compromiso en el f\u00fatbol espa\u00f1ol, siendo un s\u00edmbolo de orgullo para los aficionados colchoneros.<\/p>\n","protected":false},"featured_media":610,"comment_status":"open","ping_status":"closed","template":"","meta":[],"product_cat":[54,31,18],"product_tag":[],"class_list":{"0":"post-529","1":"product","2":"type-product","3":"status-publish","4":"has-post-thumbnail","6":"product_cat-atletico-de-madrid","7":"product_cat-clubes-de-europa","8":"product_cat-jerseys","10":"first","11":"instock","12":"taxable","13":"shipping-taxable","14":"purchasable","15":"product-type-variable"},"_links":{"self":[{"href":"https:\/\/SimbolicaFC.com\/index.php?rest_route=\/wp\/v2\/product\/529","targetHints":{"allow":["GET"]}}],"collection":[{"href":"https:\/\/SimbolicaFC.com\/index.php?rest_route=\/wp\/v2\/product"}],"about":[{"href":"https:\/\/SimbolicaFC.com\/index.php?rest_route=\/wp\/v2\/types\/product"}],"replies":[{"embeddable":true,"href":"https:\/\/SimbolicaFC.com\/index.php?rest_route=%2Fwp%2Fv2%2Fcomments&post=529"}],"wp:featuredmedia":[{"embeddable":true,"href":"https:\/\/SimbolicaFC.com\/index.php?rest_route=\/wp\/v2\/media\/610"}],"wp:attachment":[{"href":"https:\/\/SimbolicaFC.com\/index.php?rest_route=%2Fwp%2Fv2%2Fmedia&parent=529"}],"wp:term":[{"taxonomy":"product_cat","embeddable":true,"href":"https:\/\/SimbolicaFC.com\/index.php?rest_route=%2Fwp%2Fv2%2Fproduct_cat&post=529"},{"taxonomy":"product_tag","embeddable":true,"href":"https:\/\/SimbolicaFC.com\/index.php?rest_route=%2Fwp%2Fv2%2Fproduct_tag&post=529"}],"curies":[{"name":"wp","href":"https:\/\/api.w.org\/{rel}","templated":true}]}}