{"id":528,"date":"2024-10-30T02:14:55","date_gmt":"2024-10-30T02:14:55","guid":{"rendered":"https:\/\/SimbolicaFC.com\/?product=real-betis-local-1995-97-ml"},"modified":"2024-11-05T17:21:39","modified_gmt":"2024-11-05T17:21:39","slug":"real-betis-local-1995-97-ml","status":"publish","type":"product","link":"https:\/\/SimbolicaFC.com\/?product=real-betis-local-1995-97-ml","title":{"rendered":"REAL BETIS LOCAL 1995 &#8211; 1997"},"content":{"rendered":"<p>La camiseta local del Real Betis 1995-1997 es un cl\u00e1sico muy querido por los aficionados. Este dise\u00f1o representa una etapa memorable para el club, en la que el equipo brillaba en La Liga y consolidaba su identidad verdiblanca. Es una pieza llena de historia y tradici\u00f3n, s\u00edmbolo del amor de la afici\u00f3n por el Betis.<\/p>\n","protected":false},"excerpt":{"rendered":"<p>La camiseta local del Real Betis 1995-1997 es un cl\u00e1sico muy querido por los aficionados. Este dise\u00f1o representa una etapa memorable para el club, en la que el equipo brillaba en La Liga y consolidaba su identidad verdiblanca. Es una pieza llena de historia y tradici\u00f3n, s\u00edmbolo del amor de la afici\u00f3n por el Betis.<\/p>\n","protected":false},"featured_media":616,"comment_status":"open","ping_status":"closed","template":"","meta":[],"product_cat":[31,18,62],"product_tag":[],"class_list":{"0":"post-528","1":"product","2":"type-product","3":"status-publish","4":"has-post-thumbnail","6":"product_cat-clubes-de-europa","7":"product_cat-jerseys","8":"product_cat-real-betis","10":"first","11":"instock","12":"taxable","13":"shipping-taxable","14":"purchasable","15":"product-type-variable"},"_links":{"self":[{"href":"https:\/\/SimbolicaFC.com\/index.php?rest_route=\/wp\/v2\/product\/528","targetHints":{"allow":["GET"]}}],"collection":[{"href":"https:\/\/SimbolicaFC.com\/index.php?rest_route=\/wp\/v2\/product"}],"about":[{"href":"https:\/\/SimbolicaFC.com\/index.php?rest_route=\/wp\/v2\/types\/product"}],"replies":[{"embeddable":true,"href":"https:\/\/SimbolicaFC.com\/index.php?rest_route=%2Fwp%2Fv2%2Fcomments&post=528"}],"wp:featuredmedia":[{"embeddable":true,"href":"https:\/\/SimbolicaFC.com\/index.php?rest_route=\/wp\/v2\/media\/616"}],"wp:attachment":[{"href":"https:\/\/SimbolicaFC.com\/index.php?rest_route=%2Fwp%2Fv2%2Fmedia&parent=528"}],"wp:term":[{"taxonomy":"product_cat","embeddable":true,"href":"https:\/\/SimbolicaFC.com\/index.php?rest_route=%2Fwp%2Fv2%2Fproduct_cat&post=528"},{"taxonomy":"product_tag","embeddable":true,"href":"https:\/\/SimbolicaFC.com\/index.php?rest_route=%2Fwp%2Fv2%2Fproduct_tag&post=528"}],"curies":[{"name":"wp","href":"https:\/\/api.w.org\/{rel}","templated":true}]}}