{"id":527,"date":"2024-10-30T02:14:55","date_gmt":"2024-10-30T02:14:55","guid":{"rendered":"https:\/\/SimbolicaFC.com\/?product=mexico-local-2002-rafa-marquez-04-mc"},"modified":"2024-11-05T17:27:01","modified_gmt":"2024-11-05T17:27:01","slug":"mexico-local-2002-rafa-marquez-04-mc","status":"publish","type":"product","link":"https:\/\/SimbolicaFC.com\/?product=mexico-local-2002-rafa-marquez-04-mc","title":{"rendered":"MEXICO LOCAL 2002 RAFA MARQUEZ #4"},"content":{"rendered":"<p>La camiseta local de M\u00e9xico 2002 es un dise\u00f1o que se utiliz\u00f3 durante la Copa del Mundo en Corea y Jap\u00f3n. Con su estilo distintivo, refleja la rica cultura y pasi\u00f3n del f\u00fatbol mexicano. Esta camiseta es recordada por los aficionados como un s\u00edmbolo de orgullo nacional en una \u00e9poca en la que el equipo buscaba destacar en el escenario mundial.<\/p>\n","protected":false},"excerpt":{"rendered":"<p>La camiseta local de M\u00e9xico 2002 es un dise\u00f1o que se utiliz\u00f3 durante la Copa del Mundo en Corea y Jap\u00f3n. Con su estilo distintivo, refleja la rica cultura y pasi\u00f3n del f\u00fatbol mexicano. Esta camiseta es recordada por los aficionados como un s\u00edmbolo de orgullo nacional en una \u00e9poca en la que el equipo [&hellip;]<\/p>\n","protected":false},"featured_media":596,"comment_status":"open","ping_status":"closed","template":"","meta":[],"product_cat":[18,20,28,48,19],"product_tag":[],"class_list":{"0":"post-527","1":"product","2":"type-product","3":"status-publish","4":"has-post-thumbnail","6":"product_cat-jerseys","7":"product_cat-jugadores","8":"product_cat-mexico","9":"product_cat-rafa-marquez","10":"product_cat-selecciones","12":"first","13":"instock","14":"sale","15":"taxable","16":"shipping-taxable","17":"purchasable","18":"product-type-variable"},"_links":{"self":[{"href":"https:\/\/SimbolicaFC.com\/index.php?rest_route=\/wp\/v2\/product\/527","targetHints":{"allow":["GET"]}}],"collection":[{"href":"https:\/\/SimbolicaFC.com\/index.php?rest_route=\/wp\/v2\/product"}],"about":[{"href":"https:\/\/SimbolicaFC.com\/index.php?rest_route=\/wp\/v2\/types\/product"}],"replies":[{"embeddable":true,"href":"https:\/\/SimbolicaFC.com\/index.php?rest_route=%2Fwp%2Fv2%2Fcomments&post=527"}],"wp:featuredmedia":[{"embeddable":true,"href":"https:\/\/SimbolicaFC.com\/index.php?rest_route=\/wp\/v2\/media\/596"}],"wp:attachment":[{"href":"https:\/\/SimbolicaFC.com\/index.php?rest_route=%2Fwp%2Fv2%2Fmedia&parent=527"}],"wp:term":[{"taxonomy":"product_cat","embeddable":true,"href":"https:\/\/SimbolicaFC.com\/index.php?rest_route=%2Fwp%2Fv2%2Fproduct_cat&post=527"},{"taxonomy":"product_tag","embeddable":true,"href":"https:\/\/SimbolicaFC.com\/index.php?rest_route=%2Fwp%2Fv2%2Fproduct_tag&post=527"}],"curies":[{"name":"wp","href":"https:\/\/api.w.org\/{rel}","templated":true}]}}