{"id":526,"date":"2024-10-30T02:14:54","date_gmt":"2024-10-30T02:14:54","guid":{"rendered":"https:\/\/SimbolicaFC.com\/?product=psg-visitante-1998-99-ronaldinho-21-mc"},"modified":"2024-11-05T17:31:11","modified_gmt":"2024-11-05T17:31:11","slug":"psg-visitante-1998-99-ronaldinho-21-mc","status":"publish","type":"product","link":"https:\/\/SimbolicaFC.com\/?product=psg-visitante-1998-99-ronaldinho-21-mc","title":{"rendered":"PSG VISITANTE 1998 &#8211; 1999 RONALDINHO #21"},"content":{"rendered":"<p>La camiseta visitante del PSG 1998-1999 con el #21 de Ronaldinho es una pieza ic\u00f3nica que marca el inicio de la leyenda del brasile\u00f1o en Europa. Este dise\u00f1o representa una era especial en el club parisino, en la que Ronaldinho empez\u00f3 a deslumbrar con su habilidad y creatividad en el campo.<\/p>\n","protected":false},"excerpt":{"rendered":"<p>La camiseta visitante del PSG 1998-1999 con el #21 de Ronaldinho es una pieza ic\u00f3nica que marca el inicio de la leyenda del brasile\u00f1o en Europa. Este dise\u00f1o representa una era especial en el club parisino, en la que Ronaldinho empez\u00f3 a deslumbrar con su habilidad y creatividad en el campo.<\/p>\n","protected":false},"featured_media":579,"comment_status":"open","ping_status":"closed","template":"","meta":[],"product_cat":[31,18,20,61,49],"product_tag":[],"class_list":{"0":"post-526","1":"product","2":"type-product","3":"status-publish","4":"has-post-thumbnail","6":"product_cat-clubes-de-europa","7":"product_cat-jerseys","8":"product_cat-jugadores","9":"product_cat-psg","10":"product_cat-ronaldinho","12":"first","13":"instock","14":"taxable","15":"shipping-taxable","16":"purchasable","17":"product-type-variable"},"_links":{"self":[{"href":"https:\/\/SimbolicaFC.com\/index.php?rest_route=\/wp\/v2\/product\/526","targetHints":{"allow":["GET"]}}],"collection":[{"href":"https:\/\/SimbolicaFC.com\/index.php?rest_route=\/wp\/v2\/product"}],"about":[{"href":"https:\/\/SimbolicaFC.com\/index.php?rest_route=\/wp\/v2\/types\/product"}],"replies":[{"embeddable":true,"href":"https:\/\/SimbolicaFC.com\/index.php?rest_route=%2Fwp%2Fv2%2Fcomments&post=526"}],"wp:featuredmedia":[{"embeddable":true,"href":"https:\/\/SimbolicaFC.com\/index.php?rest_route=\/wp\/v2\/media\/579"}],"wp:attachment":[{"href":"https:\/\/SimbolicaFC.com\/index.php?rest_route=%2Fwp%2Fv2%2Fmedia&parent=526"}],"wp:term":[{"taxonomy":"product_cat","embeddable":true,"href":"https:\/\/SimbolicaFC.com\/index.php?rest_route=%2Fwp%2Fv2%2Fproduct_cat&post=526"},{"taxonomy":"product_tag","embeddable":true,"href":"https:\/\/SimbolicaFC.com\/index.php?rest_route=%2Fwp%2Fv2%2Fproduct_tag&post=526"}],"curies":[{"name":"wp","href":"https:\/\/api.w.org\/{rel}","templated":true}]}}