{"id":525,"date":"2024-10-30T02:14:54","date_gmt":"2024-10-30T02:14:54","guid":{"rendered":"https:\/\/SimbolicaFC.com\/?product=barcelona-local-2010-11-messi-10-mc"},"modified":"2024-11-06T23:22:54","modified_gmt":"2024-11-06T23:22:54","slug":"barcelona-local-2010-11-messi-10-mc","status":"publish","type":"product","link":"https:\/\/SimbolicaFC.com\/?product=barcelona-local-2010-11-messi-10-mc","title":{"rendered":"BARCELONA LOCAL 2010 &#8211; 2011 MESSI #10"},"content":{"rendered":"<p>La camiseta local del Barcelona 2010-2011 es un dise\u00f1o memorable que representa una de las \u00e9pocas m\u00e1s exitosas en la historia del club. Durante esta temporada, el equipo, dirigido por Pep Guardiola, alcanz\u00f3 su mejor nivel y conquist\u00f3 la UEFA Champions League y La Liga, con jugadores como Messi, Xavi e Iniesta brillando en el campo.<\/p>\n","protected":false},"excerpt":{"rendered":"<p>La camiseta local del Barcelona 2010-2011 es un dise\u00f1o memorable que representa una de las \u00e9pocas m\u00e1s exitosas en la historia del club. Durante esta temporada, el equipo, dirigido por Pep Guardiola, alcanz\u00f3 su mejor nivel y conquist\u00f3 la UEFA Champions League y La Liga, con jugadores como Messi, Xavi e Iniesta brillando en el [&hellip;]<\/p>\n","protected":false},"featured_media":1791,"comment_status":"open","ping_status":"closed","template":"","meta":[],"product_cat":[55,31,18,20,46],"product_tag":[],"class_list":{"0":"post-525","1":"product","2":"type-product","3":"status-publish","4":"has-post-thumbnail","6":"product_cat-barcelona","7":"product_cat-clubes-de-europa","8":"product_cat-jerseys","9":"product_cat-jugadores","10":"product_cat-messi","12":"first","13":"instock","14":"taxable","15":"shipping-taxable","16":"purchasable","17":"product-type-variable"},"_links":{"self":[{"href":"https:\/\/SimbolicaFC.com\/index.php?rest_route=\/wp\/v2\/product\/525","targetHints":{"allow":["GET"]}}],"collection":[{"href":"https:\/\/SimbolicaFC.com\/index.php?rest_route=\/wp\/v2\/product"}],"about":[{"href":"https:\/\/SimbolicaFC.com\/index.php?rest_route=\/wp\/v2\/types\/product"}],"replies":[{"embeddable":true,"href":"https:\/\/SimbolicaFC.com\/index.php?rest_route=%2Fwp%2Fv2%2Fcomments&post=525"}],"wp:featuredmedia":[{"embeddable":true,"href":"https:\/\/SimbolicaFC.com\/index.php?rest_route=\/wp\/v2\/media\/1791"}],"wp:attachment":[{"href":"https:\/\/SimbolicaFC.com\/index.php?rest_route=%2Fwp%2Fv2%2Fmedia&parent=525"}],"wp:term":[{"taxonomy":"product_cat","embeddable":true,"href":"https:\/\/SimbolicaFC.com\/index.php?rest_route=%2Fwp%2Fv2%2Fproduct_cat&post=525"},{"taxonomy":"product_tag","embeddable":true,"href":"https:\/\/SimbolicaFC.com\/index.php?rest_route=%2Fwp%2Fv2%2Fproduct_tag&post=525"}],"curies":[{"name":"wp","href":"https:\/\/api.w.org\/{rel}","templated":true}]}}