{"id":523,"date":"2024-10-30T02:14:54","date_gmt":"2024-10-30T02:14:54","guid":{"rendered":"https:\/\/SimbolicaFC.com\/?product=barcelona-local-2014-15-messi-10-mc"},"modified":"2024-11-06T23:21:03","modified_gmt":"2024-11-06T23:21:03","slug":"barcelona-local-2014-15-messi-10-mc","status":"publish","type":"product","link":"https:\/\/SimbolicaFC.com\/?product=barcelona-local-2014-15-messi-10-mc","title":{"rendered":"BARCELONA LOCAL 2014 &#8211; 2015 MESSI #10"},"content":{"rendered":"<p>La camiseta local del Barcelona 2014-2015 es un dise\u00f1o moderno y elegante que simboliza una temporada de gran \u00e9xito para el club. Utilizada durante la campa\u00f1a en la que el equipo gan\u00f3 la Liga, la Copa del Rey y la UEFA Champions League, esta camiseta es recordada por los aficionados como un emblema del talento y la qu\u00edmica de jugadores como Lionel Messi, Neymar y Luis Su\u00e1rez.<\/p>\n","protected":false},"excerpt":{"rendered":"<p>La camiseta local del Barcelona 2014-2015 es un dise\u00f1o moderno y elegante que simboliza una temporada de gran \u00e9xito para el club. Utilizada durante la campa\u00f1a en la que el equipo gan\u00f3 la Liga, la Copa del Rey y la UEFA Champions League, esta camiseta es recordada por los aficionados como un emblema del talento [&hellip;]<\/p>\n","protected":false},"featured_media":1793,"comment_status":"open","ping_status":"closed","template":"","meta":[],"product_cat":[55,31,18,20,46],"product_tag":[],"class_list":{"0":"post-523","1":"product","2":"type-product","3":"status-publish","4":"has-post-thumbnail","6":"product_cat-barcelona","7":"product_cat-clubes-de-europa","8":"product_cat-jerseys","9":"product_cat-jugadores","10":"product_cat-messi","12":"first","13":"instock","14":"taxable","15":"shipping-taxable","16":"purchasable","17":"product-type-variable"},"_links":{"self":[{"href":"https:\/\/SimbolicaFC.com\/index.php?rest_route=\/wp\/v2\/product\/523","targetHints":{"allow":["GET"]}}],"collection":[{"href":"https:\/\/SimbolicaFC.com\/index.php?rest_route=\/wp\/v2\/product"}],"about":[{"href":"https:\/\/SimbolicaFC.com\/index.php?rest_route=\/wp\/v2\/types\/product"}],"replies":[{"embeddable":true,"href":"https:\/\/SimbolicaFC.com\/index.php?rest_route=%2Fwp%2Fv2%2Fcomments&post=523"}],"wp:featuredmedia":[{"embeddable":true,"href":"https:\/\/SimbolicaFC.com\/index.php?rest_route=\/wp\/v2\/media\/1793"}],"wp:attachment":[{"href":"https:\/\/SimbolicaFC.com\/index.php?rest_route=%2Fwp%2Fv2%2Fmedia&parent=523"}],"wp:term":[{"taxonomy":"product_cat","embeddable":true,"href":"https:\/\/SimbolicaFC.com\/index.php?rest_route=%2Fwp%2Fv2%2Fproduct_cat&post=523"},{"taxonomy":"product_tag","embeddable":true,"href":"https:\/\/SimbolicaFC.com\/index.php?rest_route=%2Fwp%2Fv2%2Fproduct_tag&post=523"}],"curies":[{"name":"wp","href":"https:\/\/api.w.org\/{rel}","templated":true}]}}