{"id":522,"date":"2024-10-30T02:14:53","date_gmt":"2024-10-30T02:14:53","guid":{"rendered":"https:\/\/SimbolicaFC.com\/?product=bayern-munich-visitante-1997-98-mc"},"modified":"2024-11-05T17:52:58","modified_gmt":"2024-11-05T17:52:58","slug":"bayern-munich-visitante-1997-98-mc","status":"publish","type":"product","link":"https:\/\/SimbolicaFC.com\/?product=bayern-munich-visitante-1997-98-mc","title":{"rendered":"BAYERN MUNICH VISITANTE 1997 &#8211; 1998"},"content":{"rendered":"<p>La camiseta visitante del Bayern M\u00fanich 1997-1998 es un dise\u00f1o ic\u00f3nico que captura el esp\u00edritu del club en los a\u00f1os 90. Durante esta temporada, el Bayern continu\u00f3 consolid\u00e1ndose como uno de los equipos m\u00e1s importantes de Alemania y Europa.<\/p>\n","protected":false},"excerpt":{"rendered":"<p>La camiseta visitante del Bayern M\u00fanich 1997-1998 es un dise\u00f1o ic\u00f3nico que captura el esp\u00edritu del club en los a\u00f1os 90. Durante esta temporada, el Bayern continu\u00f3 consolid\u00e1ndose como uno de los equipos m\u00e1s importantes de Alemania y Europa.<\/p>\n","protected":false},"featured_media":614,"comment_status":"open","ping_status":"closed","template":"","meta":[],"product_cat":[56,31,18],"product_tag":[],"class_list":{"0":"post-522","1":"product","2":"type-product","3":"status-publish","4":"has-post-thumbnail","6":"product_cat-bayern-munich","7":"product_cat-clubes-de-europa","8":"product_cat-jerseys","10":"first","11":"instock","12":"taxable","13":"shipping-taxable","14":"purchasable","15":"product-type-variable"},"_links":{"self":[{"href":"https:\/\/SimbolicaFC.com\/index.php?rest_route=\/wp\/v2\/product\/522","targetHints":{"allow":["GET"]}}],"collection":[{"href":"https:\/\/SimbolicaFC.com\/index.php?rest_route=\/wp\/v2\/product"}],"about":[{"href":"https:\/\/SimbolicaFC.com\/index.php?rest_route=\/wp\/v2\/types\/product"}],"replies":[{"embeddable":true,"href":"https:\/\/SimbolicaFC.com\/index.php?rest_route=%2Fwp%2Fv2%2Fcomments&post=522"}],"wp:featuredmedia":[{"embeddable":true,"href":"https:\/\/SimbolicaFC.com\/index.php?rest_route=\/wp\/v2\/media\/614"}],"wp:attachment":[{"href":"https:\/\/SimbolicaFC.com\/index.php?rest_route=%2Fwp%2Fv2%2Fmedia&parent=522"}],"wp:term":[{"taxonomy":"product_cat","embeddable":true,"href":"https:\/\/SimbolicaFC.com\/index.php?rest_route=%2Fwp%2Fv2%2Fproduct_cat&post=522"},{"taxonomy":"product_tag","embeddable":true,"href":"https:\/\/SimbolicaFC.com\/index.php?rest_route=%2Fwp%2Fv2%2Fproduct_tag&post=522"}],"curies":[{"name":"wp","href":"https:\/\/api.w.org\/{rel}","templated":true}]}}