{"id":520,"date":"2024-10-30T02:14:53","date_gmt":"2024-10-30T02:14:53","guid":{"rendered":"https:\/\/SimbolicaFC.com\/?product=manchester-u-local-2010-11-chicharito-14-ml"},"modified":"2024-11-05T17:59:10","modified_gmt":"2024-11-05T17:59:10","slug":"manchester-u-local-2010-11-chicharito-14-ml","status":"publish","type":"product","link":"https:\/\/SimbolicaFC.com\/?product=manchester-u-local-2010-11-chicharito-14-ml","title":{"rendered":"MANCHESTER UNITED LOCAL 2010 &#8211; 2011 CHICHARITO #14"},"content":{"rendered":"<p>La camiseta local del Manchester United 2010-2011 es un dise\u00f1o emblem\u00e1tico que lleva el #14 de Javier &#8220;Chicharito&#8221; Hern\u00e1ndez. Durante su primera temporada en el club, Chicharito se convirti\u00f3 r\u00e1pidamente en un favorito de los aficionados, destac\u00e1ndose por su habilidad para marcar goles. Esta camiseta es recordada no solo por el impacto del delantero mexicano, sino tambi\u00e9n por la exitosa campa\u00f1a del equipo, que incluy\u00f3 la conquista de la Premier League.<\/p>\n","protected":false},"excerpt":{"rendered":"<p>La camiseta local del Manchester United 2010-2011 es un dise\u00f1o emblem\u00e1tico que lleva el #14 de Javier &#8220;Chicharito&#8221; Hern\u00e1ndez. Durante su primera temporada en el club, Chicharito se convirti\u00f3 r\u00e1pidamente en un favorito de los aficionados, destac\u00e1ndose por su habilidad para marcar goles. Esta camiseta es recordada no solo por el impacto del delantero mexicano, [&hellip;]<\/p>\n","protected":false},"featured_media":603,"comment_status":"open","ping_status":"closed","template":"","meta":[],"product_cat":[40,31,18,20,60],"product_tag":[74],"class_list":{"0":"post-520","1":"product","2":"type-product","3":"status-publish","4":"has-post-thumbnail","6":"product_cat-chicharito","7":"product_cat-clubes-de-europa","8":"product_cat-jerseys","9":"product_cat-jugadores","10":"product_cat-manchester-united","11":"product_tag-trending","13":"first","14":"instock","15":"featured","16":"taxable","17":"shipping-taxable","18":"purchasable","19":"product-type-variable"},"_links":{"self":[{"href":"https:\/\/SimbolicaFC.com\/index.php?rest_route=\/wp\/v2\/product\/520","targetHints":{"allow":["GET"]}}],"collection":[{"href":"https:\/\/SimbolicaFC.com\/index.php?rest_route=\/wp\/v2\/product"}],"about":[{"href":"https:\/\/SimbolicaFC.com\/index.php?rest_route=\/wp\/v2\/types\/product"}],"replies":[{"embeddable":true,"href":"https:\/\/SimbolicaFC.com\/index.php?rest_route=%2Fwp%2Fv2%2Fcomments&post=520"}],"wp:featuredmedia":[{"embeddable":true,"href":"https:\/\/SimbolicaFC.com\/index.php?rest_route=\/wp\/v2\/media\/603"}],"wp:attachment":[{"href":"https:\/\/SimbolicaFC.com\/index.php?rest_route=%2Fwp%2Fv2%2Fmedia&parent=520"}],"wp:term":[{"taxonomy":"product_cat","embeddable":true,"href":"https:\/\/SimbolicaFC.com\/index.php?rest_route=%2Fwp%2Fv2%2Fproduct_cat&post=520"},{"taxonomy":"product_tag","embeddable":true,"href":"https:\/\/SimbolicaFC.com\/index.php?rest_route=%2Fwp%2Fv2%2Fproduct_tag&post=520"}],"curies":[{"name":"wp","href":"https:\/\/api.w.org\/{rel}","templated":true}]}}