{"id":519,"date":"2024-10-30T02:14:53","date_gmt":"2024-10-30T02:14:53","guid":{"rendered":"https:\/\/SimbolicaFC.com\/?product=barcelona-local-2003-04-ronaldinho-10-mc"},"modified":"2025-10-01T06:24:31","modified_gmt":"2025-10-01T06:24:31","slug":"barcelona-local-2003-04-ronaldinho-10-mc","status":"publish","type":"product","link":"https:\/\/SimbolicaFC.com\/?product=barcelona-local-2003-04-ronaldinho-10-mc","title":{"rendered":"BARCELONA LOCAL 2003 &#8211; 2004 RONALDINHO #10"},"content":{"rendered":"<p>La camiseta local del Barcelona 2003-2004, con el #10 de Ronaldinho, es un s\u00edmbolo del renacimiento del club en esa \u00e9poca. Ronaldinho, con su estilo \u00fanico y su habilidad impresionante, cautiv\u00f3 a los aficionados y cambi\u00f3 la forma en que se percib\u00eda el f\u00fatbol en el Camp Nou. Esta camiseta es recordada no solo por los momentos memorables en el campo, sino tambi\u00e9n por el impacto emocional que tuvo en los seguidores, marcando el inicio de una nueva era para el Bar\u00e7a.<\/p>\n","protected":false},"excerpt":{"rendered":"<p>La camiseta local del Barcelona 2003-2004, con el #10 de Ronaldinho, es un s\u00edmbolo del renacimiento del club en esa \u00e9poca. Ronaldinho, con su estilo \u00fanico y su habilidad impresionante, cautiv\u00f3 a los aficionados y cambi\u00f3 la forma en que se percib\u00eda el f\u00fatbol en el Camp Nou. Esta camiseta es recordada no solo por [&hellip;]<\/p>\n","protected":false},"featured_media":1788,"comment_status":"open","ping_status":"closed","template":"","meta":[],"product_cat":[55,31,18,20,49],"product_tag":[74],"class_list":{"0":"post-519","1":"product","2":"type-product","3":"status-publish","4":"has-post-thumbnail","6":"product_cat-barcelona","7":"product_cat-clubes-de-europa","8":"product_cat-jerseys","9":"product_cat-jugadores","10":"product_cat-ronaldinho","11":"product_tag-trending","13":"first","14":"instock","15":"sale","16":"featured","17":"taxable","18":"shipping-taxable","19":"purchasable","20":"product-type-variable"},"_links":{"self":[{"href":"https:\/\/SimbolicaFC.com\/index.php?rest_route=\/wp\/v2\/product\/519","targetHints":{"allow":["GET"]}}],"collection":[{"href":"https:\/\/SimbolicaFC.com\/index.php?rest_route=\/wp\/v2\/product"}],"about":[{"href":"https:\/\/SimbolicaFC.com\/index.php?rest_route=\/wp\/v2\/types\/product"}],"replies":[{"embeddable":true,"href":"https:\/\/SimbolicaFC.com\/index.php?rest_route=%2Fwp%2Fv2%2Fcomments&post=519"}],"wp:featuredmedia":[{"embeddable":true,"href":"https:\/\/SimbolicaFC.com\/index.php?rest_route=\/wp\/v2\/media\/1788"}],"wp:attachment":[{"href":"https:\/\/SimbolicaFC.com\/index.php?rest_route=%2Fwp%2Fv2%2Fmedia&parent=519"}],"wp:term":[{"taxonomy":"product_cat","embeddable":true,"href":"https:\/\/SimbolicaFC.com\/index.php?rest_route=%2Fwp%2Fv2%2Fproduct_cat&post=519"},{"taxonomy":"product_tag","embeddable":true,"href":"https:\/\/SimbolicaFC.com\/index.php?rest_route=%2Fwp%2Fv2%2Fproduct_tag&post=519"}],"curies":[{"name":"wp","href":"https:\/\/api.w.org\/{rel}","templated":true}]}}