{"id":518,"date":"2024-10-30T02:14:52","date_gmt":"2024-10-30T02:14:52","guid":{"rendered":"https:\/\/SimbolicaFC.com\/?product=roma-local-2002-03-totti-10-mc"},"modified":"2025-10-01T06:25:25","modified_gmt":"2025-10-01T06:25:25","slug":"roma-local-2002-03-totti-10-mc","status":"publish","type":"product","link":"https:\/\/SimbolicaFC.com\/?product=roma-local-2002-03-totti-10-mc","title":{"rendered":"ROMA LOCAL 2002 &#8211; 2003 TOTTI #10"},"content":{"rendered":"<p>La camiseta local de la Roma 2002-2003, con el #10 de Francesco Totti, es una prenda ic\u00f3nica que representa la lealtad y el liderazgo de uno de los jugadores m\u00e1s queridos del club. En esa temporada, Totti demostr\u00f3 su calidad y compromiso con la Roma, consolid\u00e1ndose como un s\u00edmbolo eterno para los aficionados.<\/p>\n","protected":false},"excerpt":{"rendered":"<p>La camiseta local de la Roma 2002-2003, con el #10 de Francesco Totti, es una prenda ic\u00f3nica que representa la lealtad y el liderazgo de uno de los jugadores m\u00e1s queridos del club. En esa temporada, Totti demostr\u00f3 su calidad y compromiso con la Roma, consolid\u00e1ndose como un s\u00edmbolo eterno para los aficionados.<\/p>\n","protected":false},"featured_media":568,"comment_status":"open","ping_status":"closed","template":"","meta":[],"product_cat":[31,18,20,64,51],"product_tag":[74],"class_list":{"0":"post-518","1":"product","2":"type-product","3":"status-publish","4":"has-post-thumbnail","6":"product_cat-clubes-de-europa","7":"product_cat-jerseys","8":"product_cat-jugadores","9":"product_cat-roma","10":"product_cat-totti","11":"product_tag-trending","13":"first","14":"instock","15":"featured","16":"taxable","17":"shipping-taxable","18":"purchasable","19":"product-type-variable"},"_links":{"self":[{"href":"https:\/\/SimbolicaFC.com\/index.php?rest_route=\/wp\/v2\/product\/518","targetHints":{"allow":["GET"]}}],"collection":[{"href":"https:\/\/SimbolicaFC.com\/index.php?rest_route=\/wp\/v2\/product"}],"about":[{"href":"https:\/\/SimbolicaFC.com\/index.php?rest_route=\/wp\/v2\/types\/product"}],"replies":[{"embeddable":true,"href":"https:\/\/SimbolicaFC.com\/index.php?rest_route=%2Fwp%2Fv2%2Fcomments&post=518"}],"wp:featuredmedia":[{"embeddable":true,"href":"https:\/\/SimbolicaFC.com\/index.php?rest_route=\/wp\/v2\/media\/568"}],"wp:attachment":[{"href":"https:\/\/SimbolicaFC.com\/index.php?rest_route=%2Fwp%2Fv2%2Fmedia&parent=518"}],"wp:term":[{"taxonomy":"product_cat","embeddable":true,"href":"https:\/\/SimbolicaFC.com\/index.php?rest_route=%2Fwp%2Fv2%2Fproduct_cat&post=518"},{"taxonomy":"product_tag","embeddable":true,"href":"https:\/\/SimbolicaFC.com\/index.php?rest_route=%2Fwp%2Fv2%2Fproduct_tag&post=518"}],"curies":[{"name":"wp","href":"https:\/\/api.w.org\/{rel}","templated":true}]}}