{"id":517,"date":"2024-10-30T02:14:52","date_gmt":"2024-10-30T02:14:52","guid":{"rendered":"https:\/\/SimbolicaFC.com\/?product=inglaterra-local-2002-mg"},"modified":"2025-11-25T14:41:35","modified_gmt":"2025-11-25T14:41:35","slug":"inglaterra-local-2002-mg","status":"publish","type":"product","link":"https:\/\/SimbolicaFC.com\/?product=inglaterra-local-2002-mg","title":{"rendered":"INGLATERRA LOCAL 2002"},"content":{"rendered":"<p>La camiseta local de Inglaterra 2002 es un dise\u00f1o memorable que fue utilizado durante la Copa del Mundo en Corea y Jap\u00f3n. Con un estilo cl\u00e1sico, esta camiseta se asocia con una generaci\u00f3n de jugadores talentosos como David Beckham, Michael Owen y Paul Scholes.<\/p>\n","protected":false},"excerpt":{"rendered":"<p>La camiseta local de Inglaterra 2002 es un dise\u00f1o memorable que fue utilizado durante la Copa del Mundo en Corea y Jap\u00f3n. Con un estilo cl\u00e1sico, esta camiseta se asocia con una generaci\u00f3n de jugadores talentosos como David Beckham, Michael Owen y Paul Scholes.<\/p>\n","protected":false},"featured_media":607,"comment_status":"open","ping_status":"closed","template":"","meta":[],"product_cat":[25,18,19],"product_tag":[74],"class_list":{"0":"post-517","1":"product","2":"type-product","3":"status-publish","4":"has-post-thumbnail","6":"product_cat-inglaterra","7":"product_cat-jerseys","8":"product_cat-selecciones","9":"product_tag-trending","11":"first","12":"instock","13":"featured","14":"taxable","15":"shipping-taxable","16":"purchasable","17":"product-type-variable"},"_links":{"self":[{"href":"https:\/\/SimbolicaFC.com\/index.php?rest_route=\/wp\/v2\/product\/517","targetHints":{"allow":["GET"]}}],"collection":[{"href":"https:\/\/SimbolicaFC.com\/index.php?rest_route=\/wp\/v2\/product"}],"about":[{"href":"https:\/\/SimbolicaFC.com\/index.php?rest_route=\/wp\/v2\/types\/product"}],"replies":[{"embeddable":true,"href":"https:\/\/SimbolicaFC.com\/index.php?rest_route=%2Fwp%2Fv2%2Fcomments&post=517"}],"wp:featuredmedia":[{"embeddable":true,"href":"https:\/\/SimbolicaFC.com\/index.php?rest_route=\/wp\/v2\/media\/607"}],"wp:attachment":[{"href":"https:\/\/SimbolicaFC.com\/index.php?rest_route=%2Fwp%2Fv2%2Fmedia&parent=517"}],"wp:term":[{"taxonomy":"product_cat","embeddable":true,"href":"https:\/\/SimbolicaFC.com\/index.php?rest_route=%2Fwp%2Fv2%2Fproduct_cat&post=517"},{"taxonomy":"product_tag","embeddable":true,"href":"https:\/\/SimbolicaFC.com\/index.php?rest_route=%2Fwp%2Fv2%2Fproduct_tag&post=517"}],"curies":[{"name":"wp","href":"https:\/\/api.w.org\/{rel}","templated":true}]}}