{"id":516,"date":"2024-10-30T02:14:52","date_gmt":"2024-10-30T02:14:52","guid":{"rendered":"https:\/\/SimbolicaFC.com\/?product=brasil-local-2004-06-ronaldinho-10-mc"},"modified":"2024-11-05T22:21:42","modified_gmt":"2024-11-05T22:21:42","slug":"brasil-local-2004-06-ronaldinho-10-mc","status":"publish","type":"product","link":"https:\/\/SimbolicaFC.com\/?product=brasil-local-2004-06-ronaldinho-10-mc","title":{"rendered":"BRASIL LOCAL 2004 &#8211; 2006 RONALDINHO #10"},"content":{"rendered":"<p>La camiseta local de Brasil 2004-2006 es un dise\u00f1o que evoca la esencia y alegr\u00eda del f\u00fatbol brasile\u00f1o. Utilizada durante un per\u00edodo en el que Brasil contaba con figuras estelares como Ronaldinho, Kak\u00e1 y Ronaldo, esta camiseta simboliza la habilidad y estilo caracter\u00edsticos de la selecci\u00f3n.<\/p>\n","protected":false},"excerpt":{"rendered":"<p>La camiseta local de Brasil 2004-2006 es un dise\u00f1o que evoca la esencia y alegr\u00eda del f\u00fatbol brasile\u00f1o. Utilizada durante un per\u00edodo en el que Brasil contaba con figuras estelares como Ronaldinho, Kak\u00e1 y Ronaldo, esta camiseta simboliza la habilidad y estilo caracter\u00edsticos de la selecci\u00f3n.<\/p>\n","protected":false},"featured_media":619,"comment_status":"open","ping_status":"closed","template":"","meta":[],"product_cat":[22,18,20,49,19],"product_tag":[],"class_list":{"0":"post-516","1":"product","2":"type-product","3":"status-publish","4":"has-post-thumbnail","6":"product_cat-brasil","7":"product_cat-jerseys","8":"product_cat-jugadores","9":"product_cat-ronaldinho","10":"product_cat-selecciones","12":"first","13":"instock","14":"taxable","15":"shipping-taxable","16":"purchasable","17":"product-type-variable"},"_links":{"self":[{"href":"https:\/\/SimbolicaFC.com\/index.php?rest_route=\/wp\/v2\/product\/516","targetHints":{"allow":["GET"]}}],"collection":[{"href":"https:\/\/SimbolicaFC.com\/index.php?rest_route=\/wp\/v2\/product"}],"about":[{"href":"https:\/\/SimbolicaFC.com\/index.php?rest_route=\/wp\/v2\/types\/product"}],"replies":[{"embeddable":true,"href":"https:\/\/SimbolicaFC.com\/index.php?rest_route=%2Fwp%2Fv2%2Fcomments&post=516"}],"wp:featuredmedia":[{"embeddable":true,"href":"https:\/\/SimbolicaFC.com\/index.php?rest_route=\/wp\/v2\/media\/619"}],"wp:attachment":[{"href":"https:\/\/SimbolicaFC.com\/index.php?rest_route=%2Fwp%2Fv2%2Fmedia&parent=516"}],"wp:term":[{"taxonomy":"product_cat","embeddable":true,"href":"https:\/\/SimbolicaFC.com\/index.php?rest_route=%2Fwp%2Fv2%2Fproduct_cat&post=516"},{"taxonomy":"product_tag","embeddable":true,"href":"https:\/\/SimbolicaFC.com\/index.php?rest_route=%2Fwp%2Fv2%2Fproduct_tag&post=516"}],"curies":[{"name":"wp","href":"https:\/\/api.w.org\/{rel}","templated":true}]}}