{"id":515,"date":"2024-10-30T02:14:52","date_gmt":"2024-10-30T02:14:52","guid":{"rendered":"https:\/\/SimbolicaFC.com\/?product=argentina-visitante-1994-maradona-10-ml"},"modified":"2024-11-05T22:25:59","modified_gmt":"2024-11-05T22:25:59","slug":"argentina-visitante-1994-maradona-10-ml","status":"publish","type":"product","link":"https:\/\/SimbolicaFC.com\/?product=argentina-visitante-1994-maradona-10-ml","title":{"rendered":"ARGENTINA VISITANTE 1994 MARADONA #10"},"content":{"rendered":"<p>La camiseta visitante de Argentina 1994, con el ic\u00f3nico #10 de Diego Maradona, es un s\u00edmbolo de una de las \u00e9pocas m\u00e1s recordadas de la selecci\u00f3n. Utilizada en la Copa del Mundo en Estados Unidos, esta camiseta representa la \u00faltima aparici\u00f3n de Maradona en un Mundial.<\/p>\n","protected":false},"excerpt":{"rendered":"<p>La camiseta visitante de Argentina 1994, con el ic\u00f3nico #10 de Diego Maradona, es un s\u00edmbolo de una de las \u00e9pocas m\u00e1s recordadas de la selecci\u00f3n. Utilizada en la Copa del Mundo en Estados Unidos, esta camiseta representa la \u00faltima aparici\u00f3n de Maradona en un Mundial.<\/p>\n","protected":false},"featured_media":622,"comment_status":"open","ping_status":"closed","template":"","meta":[],"product_cat":[21,18,20,45,19],"product_tag":[],"class_list":{"0":"post-515","1":"product","2":"type-product","3":"status-publish","4":"has-post-thumbnail","6":"product_cat-argentina","7":"product_cat-jerseys","8":"product_cat-jugadores","9":"product_cat-maradona","10":"product_cat-selecciones","12":"first","13":"instock","14":"taxable","15":"shipping-taxable","16":"purchasable","17":"product-type-variable"},"_links":{"self":[{"href":"https:\/\/SimbolicaFC.com\/index.php?rest_route=\/wp\/v2\/product\/515","targetHints":{"allow":["GET"]}}],"collection":[{"href":"https:\/\/SimbolicaFC.com\/index.php?rest_route=\/wp\/v2\/product"}],"about":[{"href":"https:\/\/SimbolicaFC.com\/index.php?rest_route=\/wp\/v2\/types\/product"}],"replies":[{"embeddable":true,"href":"https:\/\/SimbolicaFC.com\/index.php?rest_route=%2Fwp%2Fv2%2Fcomments&post=515"}],"wp:featuredmedia":[{"embeddable":true,"href":"https:\/\/SimbolicaFC.com\/index.php?rest_route=\/wp\/v2\/media\/622"}],"wp:attachment":[{"href":"https:\/\/SimbolicaFC.com\/index.php?rest_route=%2Fwp%2Fv2%2Fmedia&parent=515"}],"wp:term":[{"taxonomy":"product_cat","embeddable":true,"href":"https:\/\/SimbolicaFC.com\/index.php?rest_route=%2Fwp%2Fv2%2Fproduct_cat&post=515"},{"taxonomy":"product_tag","embeddable":true,"href":"https:\/\/SimbolicaFC.com\/index.php?rest_route=%2Fwp%2Fv2%2Fproduct_tag&post=515"}],"curies":[{"name":"wp","href":"https:\/\/api.w.org\/{rel}","templated":true}]}}