{"id":514,"date":"2024-10-30T02:14:51","date_gmt":"2024-10-30T02:14:51","guid":{"rendered":"https:\/\/SimbolicaFC.com\/?product=francia-visitante-2006-zidane-10-mc"},"modified":"2024-11-05T22:27:43","modified_gmt":"2024-11-05T22:27:43","slug":"francia-visitante-2006-zidane-10-mc","status":"publish","type":"product","link":"https:\/\/SimbolicaFC.com\/?product=francia-visitante-2006-zidane-10-mc","title":{"rendered":"FRANCIA VISITANTE 2006 ZIDANE #10"},"content":{"rendered":"<p>La camiseta visitante de Francia 2006, con el emblem\u00e1tico #10 de Zinedine Zidane, es una pieza hist\u00f3rica que representa uno de los cap\u00edtulos m\u00e1s intensos en la carrera de &#8220;Zizou&#8221;. Utilizada en su \u00faltima Copa del Mundo, esta camiseta es recordada por la magn\u00edfica actuaci\u00f3n de Zidane que llev\u00f3 a Francia hasta la final del torneo. Para los seguidores, esta prenda simboliza tanto la elegancia como la pasi\u00f3n de Zidane en el campo, en un Mundial lleno de momentos inolvidables que marc\u00f3 su despedida del f\u00fatbol profesional.<\/p>\n","protected":false},"excerpt":{"rendered":"<p>La camiseta visitante de Francia 2006, con el emblem\u00e1tico #10 de Zinedine Zidane, es una pieza hist\u00f3rica que representa uno de los cap\u00edtulos m\u00e1s intensos en la carrera de &#8220;Zizou&#8221;. Utilizada en su \u00faltima Copa del Mundo, esta camiseta es recordada por la magn\u00edfica actuaci\u00f3n de Zidane que llev\u00f3 a Francia hasta la final del [&hellip;]<\/p>\n","protected":false},"featured_media":563,"comment_status":"open","ping_status":"closed","template":"","meta":[],"product_cat":[24,18,20,19,37],"product_tag":[],"class_list":{"0":"post-514","1":"product","2":"type-product","3":"status-publish","4":"has-post-thumbnail","6":"product_cat-francia","7":"product_cat-jerseys","8":"product_cat-jugadores","9":"product_cat-selecciones","10":"product_cat-zidane","12":"first","13":"instock","14":"taxable","15":"shipping-taxable","16":"purchasable","17":"product-type-variable"},"_links":{"self":[{"href":"https:\/\/SimbolicaFC.com\/index.php?rest_route=\/wp\/v2\/product\/514","targetHints":{"allow":["GET"]}}],"collection":[{"href":"https:\/\/SimbolicaFC.com\/index.php?rest_route=\/wp\/v2\/product"}],"about":[{"href":"https:\/\/SimbolicaFC.com\/index.php?rest_route=\/wp\/v2\/types\/product"}],"replies":[{"embeddable":true,"href":"https:\/\/SimbolicaFC.com\/index.php?rest_route=%2Fwp%2Fv2%2Fcomments&post=514"}],"wp:featuredmedia":[{"embeddable":true,"href":"https:\/\/SimbolicaFC.com\/index.php?rest_route=\/wp\/v2\/media\/563"}],"wp:attachment":[{"href":"https:\/\/SimbolicaFC.com\/index.php?rest_route=%2Fwp%2Fv2%2Fmedia&parent=514"}],"wp:term":[{"taxonomy":"product_cat","embeddable":true,"href":"https:\/\/SimbolicaFC.com\/index.php?rest_route=%2Fwp%2Fv2%2Fproduct_cat&post=514"},{"taxonomy":"product_tag","embeddable":true,"href":"https:\/\/SimbolicaFC.com\/index.php?rest_route=%2Fwp%2Fv2%2Fproduct_tag&post=514"}],"curies":[{"name":"wp","href":"https:\/\/api.w.org\/{rel}","templated":true}]}}