{"id":1719,"date":"2024-11-06T00:21:05","date_gmt":"2024-11-06T00:21:05","guid":{"rendered":"https:\/\/SimbolicaFC.com\/?post_type=product&#038;p=1719"},"modified":"2024-11-19T15:52:22","modified_gmt":"2024-11-19T15:52:22","slug":"real-madrid-visitante-1999-2001","status":"publish","type":"product","link":"https:\/\/SimbolicaFC.com\/?product=real-madrid-visitante-1999-2001","title":{"rendered":"REAL MADRID VISITANTE 1999 &#8211; 2001"},"content":{"rendered":"<p>La camiseta visitante del Real Madrid 1999-2001 es un dise\u00f1o cl\u00e1sico que evoca los primeros a\u00f1os de la era de los \u201cGal\u00e1cticos\u201d. En esta \u00e9poca, el club contaba con figuras como Ra\u00fal, Roberto Carlos y Fernando Redondo, quienes brillaron en competiciones nacionales y europeas. Esta camiseta es especial para los aficionados, ya que representa una etapa de gran prestigio y \u00e9xitos, incluyendo la hist\u00f3rica conquista de la Champions League en el 2000.<\/p>\n","protected":false},"excerpt":{"rendered":"<p>La camiseta visitante del Real Madrid 1999-2001 es un dise\u00f1o cl\u00e1sico que evoca los primeros a\u00f1os de la era de los \u201cGal\u00e1cticos\u201d. En esta \u00e9poca, el club contaba con figuras como Ra\u00fal, Roberto Carlos y Fernando Redondo, quienes brillaron en competiciones nacionales y europeas. Esta camiseta es especial para los aficionados, ya que representa una [&hellip;]<\/p>\n","protected":false},"featured_media":1801,"comment_status":"open","ping_status":"closed","template":"","meta":[],"product_cat":[31,18,63],"product_tag":[],"class_list":{"0":"post-1719","1":"product","2":"type-product","3":"status-publish","4":"has-post-thumbnail","6":"product_cat-clubes-de-europa","7":"product_cat-jerseys","8":"product_cat-real-madrid","10":"first","11":"instock","12":"purchasable","13":"product-type-variable","14":"has-default-attributes"},"_links":{"self":[{"href":"https:\/\/SimbolicaFC.com\/index.php?rest_route=\/wp\/v2\/product\/1719","targetHints":{"allow":["GET"]}}],"collection":[{"href":"https:\/\/SimbolicaFC.com\/index.php?rest_route=\/wp\/v2\/product"}],"about":[{"href":"https:\/\/SimbolicaFC.com\/index.php?rest_route=\/wp\/v2\/types\/product"}],"replies":[{"embeddable":true,"href":"https:\/\/SimbolicaFC.com\/index.php?rest_route=%2Fwp%2Fv2%2Fcomments&post=1719"}],"wp:featuredmedia":[{"embeddable":true,"href":"https:\/\/SimbolicaFC.com\/index.php?rest_route=\/wp\/v2\/media\/1801"}],"wp:attachment":[{"href":"https:\/\/SimbolicaFC.com\/index.php?rest_route=%2Fwp%2Fv2%2Fmedia&parent=1719"}],"wp:term":[{"taxonomy":"product_cat","embeddable":true,"href":"https:\/\/SimbolicaFC.com\/index.php?rest_route=%2Fwp%2Fv2%2Fproduct_cat&post=1719"},{"taxonomy":"product_tag","embeddable":true,"href":"https:\/\/SimbolicaFC.com\/index.php?rest_route=%2Fwp%2Fv2%2Fproduct_tag&post=1719"}],"curies":[{"name":"wp","href":"https:\/\/api.w.org\/{rel}","templated":true}]}}