{"id":1710,"date":"2024-11-06T00:03:43","date_gmt":"2024-11-06T00:03:43","guid":{"rendered":"https:\/\/SimbolicaFC.com\/?post_type=product&#038;p=1710"},"modified":"2024-11-06T23:43:29","modified_gmt":"2024-11-06T23:43:29","slug":"arsenal-local-1998-1999","status":"publish","type":"product","link":"https:\/\/SimbolicaFC.com\/?product=arsenal-local-1998-1999","title":{"rendered":"ARSENAL LOCAL 1998 &#8211; 1999"},"content":{"rendered":"<p>La camiseta local del Arsenal 1998-1999 es un cl\u00e1sico que representa la solidez y competitividad del club a finales de los 90. En esa temporada, el equipo, dirigido por Ars\u00e8ne Wenger, luch\u00f3 intensamente en la Premier League y cont\u00f3 con figuras ic\u00f3nicas como Dennis Bergkamp y Patrick Vieira.<\/p>\n","protected":false},"excerpt":{"rendered":"<p>La camiseta local del Arsenal 1998-1999 es un cl\u00e1sico que representa la solidez y competitividad del club a finales de los 90. En esa temporada, el equipo, dirigido por Ars\u00e8ne Wenger, luch\u00f3 intensamente en la Premier League y cont\u00f3 con figuras ic\u00f3nicas como Dennis Bergkamp y Patrick Vieira.<\/p>\n","protected":false},"featured_media":1809,"comment_status":"open","ping_status":"closed","template":"","meta":[],"product_cat":[53,31,18],"product_tag":[],"class_list":{"0":"post-1710","1":"product","2":"type-product","3":"status-publish","4":"has-post-thumbnail","6":"product_cat-arsenal","7":"product_cat-clubes-de-europa","8":"product_cat-jerseys","10":"first","11":"instock","12":"taxable","13":"shipping-taxable","14":"purchasable","15":"product-type-variable"},"_links":{"self":[{"href":"https:\/\/SimbolicaFC.com\/index.php?rest_route=\/wp\/v2\/product\/1710","targetHints":{"allow":["GET"]}}],"collection":[{"href":"https:\/\/SimbolicaFC.com\/index.php?rest_route=\/wp\/v2\/product"}],"about":[{"href":"https:\/\/SimbolicaFC.com\/index.php?rest_route=\/wp\/v2\/types\/product"}],"replies":[{"embeddable":true,"href":"https:\/\/SimbolicaFC.com\/index.php?rest_route=%2Fwp%2Fv2%2Fcomments&post=1710"}],"wp:featuredmedia":[{"embeddable":true,"href":"https:\/\/SimbolicaFC.com\/index.php?rest_route=\/wp\/v2\/media\/1809"}],"wp:attachment":[{"href":"https:\/\/SimbolicaFC.com\/index.php?rest_route=%2Fwp%2Fv2%2Fmedia&parent=1710"}],"wp:term":[{"taxonomy":"product_cat","embeddable":true,"href":"https:\/\/SimbolicaFC.com\/index.php?rest_route=%2Fwp%2Fv2%2Fproduct_cat&post=1710"},{"taxonomy":"product_tag","embeddable":true,"href":"https:\/\/SimbolicaFC.com\/index.php?rest_route=%2Fwp%2Fv2%2Fproduct_tag&post=1710"}],"curies":[{"name":"wp","href":"https:\/\/api.w.org\/{rel}","templated":true}]}}