{"id":1708,"date":"2024-11-06T00:01:44","date_gmt":"2024-11-06T00:01:44","guid":{"rendered":"https:\/\/SimbolicaFC.com\/?post_type=product&#038;p=1708"},"modified":"2024-11-06T23:41:45","modified_gmt":"2024-11-06T23:41:45","slug":"chelsea-local-2007-2008-lampard-8","status":"publish","type":"product","link":"https:\/\/SimbolicaFC.com\/?product=chelsea-local-2007-2008-lampard-8","title":{"rendered":"CHELSEA LOCAL 2007 &#8211; 2008 LAMPARD #8"},"content":{"rendered":"<p>La camiseta local del Chelsea 2007-2008, con el #8 de Frank Lampard, es un dise\u00f1o ic\u00f3nico que recuerda una de las temporadas m\u00e1s memorables del club. En esa campa\u00f1a, Lampard fue clave en el mediocampo y llev\u00f3 al equipo hasta la final de la UEFA Champions League.<\/p>\n","protected":false},"excerpt":{"rendered":"<p>La camiseta local del Chelsea 2007-2008, con el #8 de Frank Lampard, es un dise\u00f1o ic\u00f3nico que recuerda una de las temporadas m\u00e1s memorables del club. En esa campa\u00f1a, Lampard fue clave en el mediocampo y llev\u00f3 al equipo hasta la final de la UEFA Champions League.<\/p>\n","protected":false},"featured_media":1805,"comment_status":"open","ping_status":"closed","template":"","meta":[],"product_cat":[83,31,18],"product_tag":[],"class_list":{"0":"post-1708","1":"product","2":"type-product","3":"status-publish","4":"has-post-thumbnail","6":"product_cat-chelsea","7":"product_cat-clubes-de-europa","8":"product_cat-jerseys","10":"first","11":"instock","12":"taxable","13":"shipping-taxable","14":"purchasable","15":"product-type-variable"},"_links":{"self":[{"href":"https:\/\/SimbolicaFC.com\/index.php?rest_route=\/wp\/v2\/product\/1708","targetHints":{"allow":["GET"]}}],"collection":[{"href":"https:\/\/SimbolicaFC.com\/index.php?rest_route=\/wp\/v2\/product"}],"about":[{"href":"https:\/\/SimbolicaFC.com\/index.php?rest_route=\/wp\/v2\/types\/product"}],"replies":[{"embeddable":true,"href":"https:\/\/SimbolicaFC.com\/index.php?rest_route=%2Fwp%2Fv2%2Fcomments&post=1708"}],"wp:featuredmedia":[{"embeddable":true,"href":"https:\/\/SimbolicaFC.com\/index.php?rest_route=\/wp\/v2\/media\/1805"}],"wp:attachment":[{"href":"https:\/\/SimbolicaFC.com\/index.php?rest_route=%2Fwp%2Fv2%2Fmedia&parent=1708"}],"wp:term":[{"taxonomy":"product_cat","embeddable":true,"href":"https:\/\/SimbolicaFC.com\/index.php?rest_route=%2Fwp%2Fv2%2Fproduct_cat&post=1708"},{"taxonomy":"product_tag","embeddable":true,"href":"https:\/\/SimbolicaFC.com\/index.php?rest_route=%2Fwp%2Fv2%2Fproduct_tag&post=1708"}],"curies":[{"name":"wp","href":"https:\/\/api.w.org\/{rel}","templated":true}]}}