{"id":1706,"date":"2024-11-05T23:59:35","date_gmt":"2024-11-05T23:59:35","guid":{"rendered":"https:\/\/SimbolicaFC.com\/?post_type=product&#038;p=1706"},"modified":"2024-11-06T23:40:34","modified_gmt":"2024-11-06T23:40:34","slug":"chelsea-local-1999-2001","status":"publish","type":"product","link":"https:\/\/SimbolicaFC.com\/?product=chelsea-local-1999-2001","title":{"rendered":"CHELSEA LOCAL 1999 &#8211; 2001"},"content":{"rendered":"<p>La camiseta local del Chelsea 1999-2001 es un dise\u00f1o cl\u00e1sico que representa una etapa de transici\u00f3n para el club en los finales de los 90. Durante esta temporada, el Chelsea comenz\u00f3 a consolidarse como un equipo competitivo tanto en la Premier League.<\/p>\n","protected":false},"excerpt":{"rendered":"<p>La camiseta local del Chelsea 1999-2001 es un dise\u00f1o cl\u00e1sico que representa una etapa de transici\u00f3n para el club en los finales de los 90. Durante esta temporada, el Chelsea comenz\u00f3 a consolidarse como un equipo competitivo tanto en la Premier League.<\/p>\n","protected":false},"featured_media":1807,"comment_status":"open","ping_status":"closed","template":"","meta":[],"product_cat":[83,31,18],"product_tag":[],"class_list":{"0":"post-1706","1":"product","2":"type-product","3":"status-publish","4":"has-post-thumbnail","6":"product_cat-chelsea","7":"product_cat-clubes-de-europa","8":"product_cat-jerseys","10":"first","11":"instock","12":"taxable","13":"shipping-taxable","14":"purchasable","15":"product-type-variable"},"_links":{"self":[{"href":"https:\/\/SimbolicaFC.com\/index.php?rest_route=\/wp\/v2\/product\/1706","targetHints":{"allow":["GET"]}}],"collection":[{"href":"https:\/\/SimbolicaFC.com\/index.php?rest_route=\/wp\/v2\/product"}],"about":[{"href":"https:\/\/SimbolicaFC.com\/index.php?rest_route=\/wp\/v2\/types\/product"}],"replies":[{"embeddable":true,"href":"https:\/\/SimbolicaFC.com\/index.php?rest_route=%2Fwp%2Fv2%2Fcomments&post=1706"}],"wp:featuredmedia":[{"embeddable":true,"href":"https:\/\/SimbolicaFC.com\/index.php?rest_route=\/wp\/v2\/media\/1807"}],"wp:attachment":[{"href":"https:\/\/SimbolicaFC.com\/index.php?rest_route=%2Fwp%2Fv2%2Fmedia&parent=1706"}],"wp:term":[{"taxonomy":"product_cat","embeddable":true,"href":"https:\/\/SimbolicaFC.com\/index.php?rest_route=%2Fwp%2Fv2%2Fproduct_cat&post=1706"},{"taxonomy":"product_tag","embeddable":true,"href":"https:\/\/SimbolicaFC.com\/index.php?rest_route=%2Fwp%2Fv2%2Fproduct_tag&post=1706"}],"curies":[{"name":"wp","href":"https:\/\/api.w.org\/{rel}","templated":true}]}}