{"id":1702,"date":"2024-11-05T23:54:55","date_gmt":"2024-11-05T23:54:55","guid":{"rendered":"https:\/\/SimbolicaFC.com\/?post_type=product&#038;p=1702"},"modified":"2024-11-06T23:37:36","modified_gmt":"2024-11-06T23:37:36","slug":"psg-local-1995-1996","status":"publish","type":"product","link":"https:\/\/SimbolicaFC.com\/?product=psg-local-1995-1996","title":{"rendered":"PSG LOCAL 1995 &#8211; 1996"},"content":{"rendered":"<p>La camiseta local del PSG 1995-1996 es un cl\u00e1sico que representa un momento destacado en la historia del club parisino. Durante esta temporada, el PSG logr\u00f3 conquistar la Recopa de Europa, uno de los t\u00edtulos m\u00e1s importantes en la historia del equipo. Este dise\u00f1o es muy querido por los aficionados, ya que evoca una \u00e9poca de \u00e9xitos europeos y de figuras emblem\u00e1ticas que ayudaron a consolidar al PSG en el f\u00fatbol internacional.<\/p>\n","protected":false},"excerpt":{"rendered":"<p>La camiseta local del PSG 1995-1996 es un cl\u00e1sico que representa un momento destacado en la historia del club parisino. Durante esta temporada, el PSG logr\u00f3 conquistar la Recopa de Europa, uno de los t\u00edtulos m\u00e1s importantes en la historia del equipo. Este dise\u00f1o es muy querido por los aficionados, ya que evoca una \u00e9poca [&hellip;]<\/p>\n","protected":false},"featured_media":1812,"comment_status":"open","ping_status":"closed","template":"","meta":[],"product_cat":[31,18,61],"product_tag":[],"class_list":{"0":"post-1702","1":"product","2":"type-product","3":"status-publish","4":"has-post-thumbnail","6":"product_cat-clubes-de-europa","7":"product_cat-jerseys","8":"product_cat-psg","10":"first","11":"instock","12":"taxable","13":"shipping-taxable","14":"purchasable","15":"product-type-variable"},"_links":{"self":[{"href":"https:\/\/SimbolicaFC.com\/index.php?rest_route=\/wp\/v2\/product\/1702","targetHints":{"allow":["GET"]}}],"collection":[{"href":"https:\/\/SimbolicaFC.com\/index.php?rest_route=\/wp\/v2\/product"}],"about":[{"href":"https:\/\/SimbolicaFC.com\/index.php?rest_route=\/wp\/v2\/types\/product"}],"replies":[{"embeddable":true,"href":"https:\/\/SimbolicaFC.com\/index.php?rest_route=%2Fwp%2Fv2%2Fcomments&post=1702"}],"wp:featuredmedia":[{"embeddable":true,"href":"https:\/\/SimbolicaFC.com\/index.php?rest_route=\/wp\/v2\/media\/1812"}],"wp:attachment":[{"href":"https:\/\/SimbolicaFC.com\/index.php?rest_route=%2Fwp%2Fv2%2Fmedia&parent=1702"}],"wp:term":[{"taxonomy":"product_cat","embeddable":true,"href":"https:\/\/SimbolicaFC.com\/index.php?rest_route=%2Fwp%2Fv2%2Fproduct_cat&post=1702"},{"taxonomy":"product_tag","embeddable":true,"href":"https:\/\/SimbolicaFC.com\/index.php?rest_route=%2Fwp%2Fv2%2Fproduct_tag&post=1702"}],"curies":[{"name":"wp","href":"https:\/\/api.w.org\/{rel}","templated":true}]}}