{"id":1700,"date":"2024-11-05T23:53:03","date_gmt":"2024-11-05T23:53:03","guid":{"rendered":"https:\/\/SimbolicaFC.com\/?post_type=product&#038;p=1700"},"modified":"2024-11-06T23:36:31","modified_gmt":"2024-11-06T23:36:31","slug":"francia-local-2000-zidane-10","status":"publish","type":"product","link":"https:\/\/SimbolicaFC.com\/?product=francia-local-2000-zidane-10","title":{"rendered":"FRANCIA LOCAL 2000 ZIDANE #10"},"content":{"rendered":"<p>La camiseta local de Francia 2000, con el #10 de Zinedine Zidane, es una prenda emblem\u00e1tica de una \u00e9poca dorada en el f\u00fatbol franc\u00e9s. Con esta camiseta, Zidane lider\u00f3 a Francia hacia la victoria en la Eurocopa, demostrando su incre\u00edble visi\u00f3n y talento en cada partido.<\/p>\n","protected":false},"excerpt":{"rendered":"<p>La camiseta local de Francia 2000, con el #10 de Zinedine Zidane, es una prenda emblem\u00e1tica de una \u00e9poca dorada en el f\u00fatbol franc\u00e9s. Con esta camiseta, Zidane lider\u00f3 a Francia hacia la victoria en la Eurocopa, demostrando su incre\u00edble visi\u00f3n y talento en cada partido.<\/p>\n","protected":false},"featured_media":1813,"comment_status":"open","ping_status":"closed","template":"","meta":[],"product_cat":[24,18,20,19,37],"product_tag":[],"class_list":{"0":"post-1700","1":"product","2":"type-product","3":"status-publish","4":"has-post-thumbnail","6":"product_cat-francia","7":"product_cat-jerseys","8":"product_cat-jugadores","9":"product_cat-selecciones","10":"product_cat-zidane","12":"first","13":"instock","14":"taxable","15":"shipping-taxable","16":"purchasable","17":"product-type-variable"},"_links":{"self":[{"href":"https:\/\/SimbolicaFC.com\/index.php?rest_route=\/wp\/v2\/product\/1700","targetHints":{"allow":["GET"]}}],"collection":[{"href":"https:\/\/SimbolicaFC.com\/index.php?rest_route=\/wp\/v2\/product"}],"about":[{"href":"https:\/\/SimbolicaFC.com\/index.php?rest_route=\/wp\/v2\/types\/product"}],"replies":[{"embeddable":true,"href":"https:\/\/SimbolicaFC.com\/index.php?rest_route=%2Fwp%2Fv2%2Fcomments&post=1700"}],"wp:featuredmedia":[{"embeddable":true,"href":"https:\/\/SimbolicaFC.com\/index.php?rest_route=\/wp\/v2\/media\/1813"}],"wp:attachment":[{"href":"https:\/\/SimbolicaFC.com\/index.php?rest_route=%2Fwp%2Fv2%2Fmedia&parent=1700"}],"wp:term":[{"taxonomy":"product_cat","embeddable":true,"href":"https:\/\/SimbolicaFC.com\/index.php?rest_route=%2Fwp%2Fv2%2Fproduct_cat&post=1700"},{"taxonomy":"product_tag","embeddable":true,"href":"https:\/\/SimbolicaFC.com\/index.php?rest_route=%2Fwp%2Fv2%2Fproduct_tag&post=1700"}],"curies":[{"name":"wp","href":"https:\/\/api.w.org\/{rel}","templated":true}]}}