{"id":1698,"date":"2024-11-05T23:50:25","date_gmt":"2024-11-05T23:50:25","guid":{"rendered":"https:\/\/SimbolicaFC.com\/?post_type=product&#038;p=1698"},"modified":"2024-12-26T18:51:07","modified_gmt":"2024-12-26T18:51:07","slug":"real-madrid-visitante-1994-1996","status":"publish","type":"product","link":"https:\/\/SimbolicaFC.com\/?product=real-madrid-visitante-1994-1996","title":{"rendered":"REAL MADRID VISITANTE 1994 &#8211; 1996"},"content":{"rendered":"<p>La camiseta visitante del Real Madrid 1994-1996 es un dise\u00f1o cl\u00e1sico que destaca entre los modelos de los a\u00f1os 90. Utilizada en una \u00e9poca de renovaci\u00f3n para el club, esta camiseta es recordada por su estilo tradicional y su conexi\u00f3n con jugadores legendarios que marcaron la historia del equipo.<\/p>\n","protected":false},"excerpt":{"rendered":"<p>La camiseta visitante del Real Madrid 1994-1996 es un dise\u00f1o cl\u00e1sico que destaca entre los modelos de los a\u00f1os 90. Utilizada en una \u00e9poca de renovaci\u00f3n para el club, esta camiseta es recordada por su estilo tradicional y su conexi\u00f3n con jugadores legendarios que marcaron la historia del equipo.<\/p>\n","protected":false},"featured_media":1802,"comment_status":"open","ping_status":"closed","template":"","meta":[],"product_cat":[31,18,63],"product_tag":[],"class_list":{"0":"post-1698","1":"product","2":"type-product","3":"status-publish","4":"has-post-thumbnail","6":"product_cat-clubes-de-europa","7":"product_cat-jerseys","8":"product_cat-real-madrid","10":"first","11":"outofstock","12":"taxable","13":"shipping-taxable","14":"purchasable","15":"product-type-variable"},"_links":{"self":[{"href":"https:\/\/SimbolicaFC.com\/index.php?rest_route=\/wp\/v2\/product\/1698","targetHints":{"allow":["GET"]}}],"collection":[{"href":"https:\/\/SimbolicaFC.com\/index.php?rest_route=\/wp\/v2\/product"}],"about":[{"href":"https:\/\/SimbolicaFC.com\/index.php?rest_route=\/wp\/v2\/types\/product"}],"replies":[{"embeddable":true,"href":"https:\/\/SimbolicaFC.com\/index.php?rest_route=%2Fwp%2Fv2%2Fcomments&post=1698"}],"wp:featuredmedia":[{"embeddable":true,"href":"https:\/\/SimbolicaFC.com\/index.php?rest_route=\/wp\/v2\/media\/1802"}],"wp:attachment":[{"href":"https:\/\/SimbolicaFC.com\/index.php?rest_route=%2Fwp%2Fv2%2Fmedia&parent=1698"}],"wp:term":[{"taxonomy":"product_cat","embeddable":true,"href":"https:\/\/SimbolicaFC.com\/index.php?rest_route=%2Fwp%2Fv2%2Fproduct_cat&post=1698"},{"taxonomy":"product_tag","embeddable":true,"href":"https:\/\/SimbolicaFC.com\/index.php?rest_route=%2Fwp%2Fv2%2Fproduct_tag&post=1698"}],"curies":[{"name":"wp","href":"https:\/\/api.w.org\/{rel}","templated":true}]}}