{"id":1696,"date":"2024-11-05T23:47:00","date_gmt":"2024-11-05T23:47:00","guid":{"rendered":"https:\/\/SimbolicaFC.com\/?post_type=product&#038;p=1696"},"modified":"2024-11-15T18:37:00","modified_gmt":"2024-11-15T18:37:00","slug":"real-madrid-visitante-2012-2013-ozil-10","status":"publish","type":"product","link":"https:\/\/SimbolicaFC.com\/?product=real-madrid-visitante-2012-2013-ozil-10","title":{"rendered":"REAL MADRID VISITANTE 2012 &#8211; 2013 \u00d6ZIL #10"},"content":{"rendered":"<p>La camiseta visitante verde del Real Madrid 2012-2013 es un dise\u00f1o \u00fanico en la historia del club, recordado por su estilo audaz y distintivo. Utilizada en competiciones como la UEFA Champions League, esta camiseta se asocia con jugadores emblem\u00e1ticos como Cristiano Ronaldo y \u00d6zil, quien tuvo una destacada actuaci\u00f3n esa temporada.<\/p>\n","protected":false},"excerpt":{"rendered":"<p>La camiseta visitante verde del Real Madrid 2012-2013 es un dise\u00f1o \u00fanico en la historia del club, recordado por su estilo audaz y distintivo. Utilizada en competiciones como la UEFA Champions League, esta camiseta se asocia con jugadores emblem\u00e1ticos como Cristiano Ronaldo y \u00d6zil, quien tuvo una destacada actuaci\u00f3n esa temporada.<\/p>\n","protected":false},"featured_media":1799,"comment_status":"open","ping_status":"closed","template":"","meta":[],"product_cat":[31,18,20,85,63],"product_tag":[],"class_list":{"0":"post-1696","1":"product","2":"type-product","3":"status-publish","4":"has-post-thumbnail","6":"product_cat-clubes-de-europa","7":"product_cat-jerseys","8":"product_cat-jugadores","9":"product_cat-otros","10":"product_cat-real-madrid","12":"first","13":"instock","14":"taxable","15":"shipping-taxable","16":"purchasable","17":"product-type-variable"},"_links":{"self":[{"href":"https:\/\/SimbolicaFC.com\/index.php?rest_route=\/wp\/v2\/product\/1696","targetHints":{"allow":["GET"]}}],"collection":[{"href":"https:\/\/SimbolicaFC.com\/index.php?rest_route=\/wp\/v2\/product"}],"about":[{"href":"https:\/\/SimbolicaFC.com\/index.php?rest_route=\/wp\/v2\/types\/product"}],"replies":[{"embeddable":true,"href":"https:\/\/SimbolicaFC.com\/index.php?rest_route=%2Fwp%2Fv2%2Fcomments&post=1696"}],"wp:featuredmedia":[{"embeddable":true,"href":"https:\/\/SimbolicaFC.com\/index.php?rest_route=\/wp\/v2\/media\/1799"}],"wp:attachment":[{"href":"https:\/\/SimbolicaFC.com\/index.php?rest_route=%2Fwp%2Fv2%2Fmedia&parent=1696"}],"wp:term":[{"taxonomy":"product_cat","embeddable":true,"href":"https:\/\/SimbolicaFC.com\/index.php?rest_route=%2Fwp%2Fv2%2Fproduct_cat&post=1696"},{"taxonomy":"product_tag","embeddable":true,"href":"https:\/\/SimbolicaFC.com\/index.php?rest_route=%2Fwp%2Fv2%2Fproduct_tag&post=1696"}],"curies":[{"name":"wp","href":"https:\/\/api.w.org\/{rel}","templated":true}]}}