{"id":1458,"date":"2024-11-02T18:25:36","date_gmt":"2024-11-02T18:25:36","guid":{"rendered":"https:\/\/SimbolicaFC.com\/?post_type=product&#038;p=1458"},"modified":"2024-11-04T22:31:02","modified_gmt":"2024-11-04T22:31:02","slug":"ac-milan-visitante-1995-1996","status":"publish","type":"product","link":"https:\/\/SimbolicaFC.com\/?product=ac-milan-visitante-1995-1996","title":{"rendered":"AC MILAN VISITANTE 1995 &#8211; 1996"},"content":{"rendered":"<p>Un jersey cl\u00e1sico del AC Milan, con colores elegantes que reflejan una gran \u00e9poca para este equipo simb\u00f3lico.<\/p>\n","protected":false},"excerpt":{"rendered":"<p>Un jersey cl\u00e1sico del AC Milan, con colores elegantes que reflejan una gran \u00e9poca para este equipo simb\u00f3lico.<\/p>\n","protected":false},"featured_media":574,"comment_status":"open","ping_status":"closed","template":"","meta":[],"product_cat":[52,31,18],"product_tag":[],"class_list":{"0":"post-1458","1":"product","2":"type-product","3":"status-publish","4":"has-post-thumbnail","6":"product_cat-ac-milan","7":"product_cat-clubes-de-europa","8":"product_cat-jerseys","10":"first","11":"instock","12":"sale","13":"purchasable","14":"product-type-variable"},"_links":{"self":[{"href":"https:\/\/SimbolicaFC.com\/index.php?rest_route=\/wp\/v2\/product\/1458","targetHints":{"allow":["GET"]}}],"collection":[{"href":"https:\/\/SimbolicaFC.com\/index.php?rest_route=\/wp\/v2\/product"}],"about":[{"href":"https:\/\/SimbolicaFC.com\/index.php?rest_route=\/wp\/v2\/types\/product"}],"replies":[{"embeddable":true,"href":"https:\/\/SimbolicaFC.com\/index.php?rest_route=%2Fwp%2Fv2%2Fcomments&post=1458"}],"wp:featuredmedia":[{"embeddable":true,"href":"https:\/\/SimbolicaFC.com\/index.php?rest_route=\/wp\/v2\/media\/574"}],"wp:attachment":[{"href":"https:\/\/SimbolicaFC.com\/index.php?rest_route=%2Fwp%2Fv2%2Fmedia&parent=1458"}],"wp:term":[{"taxonomy":"product_cat","embeddable":true,"href":"https:\/\/SimbolicaFC.com\/index.php?rest_route=%2Fwp%2Fv2%2Fproduct_cat&post=1458"},{"taxonomy":"product_tag","embeddable":true,"href":"https:\/\/SimbolicaFC.com\/index.php?rest_route=%2Fwp%2Fv2%2Fproduct_tag&post=1458"}],"curies":[{"name":"wp","href":"https:\/\/api.w.org\/{rel}","templated":true}]}}